{"id":70,"date":"2024-02-14T07:51:57","date_gmt":"2024-02-14T07:51:57","guid":{"rendered":"http:\/\/hinnerupjuristen.dk\/?page_id=70"},"modified":"2024-10-12T19:45:11","modified_gmt":"2024-10-12T19:45:11","slug":"forretningsbetingelser","status":"publish","type":"page","link":"https:\/\/hinnerupjuristen.dk\/?page_id=70","title":{"rendered":"Forretningsbetingelser"},"content":{"rendered":"\n<div class=\"section-wrapper\" data-id=\"xtGsfJ\"><section class=\"wp-block-gutenverse-section guten-element guten-section guten-xtGsfJ layout-boxed align-stretch\"><div class=\"guten-background-overlay\"><\/div><div class=\"guten-shape-divider guten-shape-divider-top\"><\/div><div class=\"guten-container guten-column-gap-default\">\n<div class=\"wp-block-gutenverse-column guten-element guten-column guten-CxhQsi hide-mobile\"><div class=\"guten-column-wrapper\" data-id=\"CxhQsi\"><\/div><\/div>\n<\/div><\/section><\/div>\n\n\n\n<div class=\"section-wrapper\" data-id=\"UoBLvl\"><section class=\"wp-block-gutenverse-section guten-element guten-section guten-UoBLvl layout-boxed align-stretch\"><div class=\"guten-container guten-column-gap-default\">\n<div class=\"wp-block-gutenverse-column guten-element guten-column guten-92RKBj\"><div class=\"guten-column-wrapper\" data-id=\"92RKBj\">\n<p aria-label=\"Text Paragraph\" class=\"guten-element gutenverse-text guten-gdm7aB\"><strong>Forretningsbetingelser for<\/strong>\u00a0<strong>Hinnerup Juristen&nbsp;<\/strong>\u2013 <strong>CVR 42860867<\/strong><\/p>\n\n\n\n<p aria-label=\"Text Paragraph\" class=\"guten-element gutenverse-text guten-NjHfUH\">Disse forretningsbetingelser g\u00e6lder for Hinnerup Juristen.<\/p>\n<\/div><\/div>\n<\/div><\/section><\/div>\n\n\n\n<div class=\"section-wrapper\" data-id=\"3qm6tM\"><section class=\"wp-block-gutenverse-section guten-element guten-section guten-3qm6tM layout-boxed align-stretch\"><div class=\"guten-container guten-column-gap-default\">\n<div class=\"wp-block-gutenverse-column guten-element guten-column guten-e5xsd3\"><div class=\"guten-column-wrapper\" data-id=\"e5xsd3\">\n<p aria-label=\"Text Paragraph\" class=\"guten-element gutenverse-text guten-ukfmbZ\"><strong>1. Virksomhedsoplysninger<\/strong><\/p>\n\n\n\n<div class=\"guten-element guten-spacer guten-qdt302\"><\/div>\n\n\n\n<p><\/p>\n\n\n\n<p aria-label=\"Text Paragraph\" class=\"guten-element gutenverse-text guten-TyiqYO\"><strong>Hinnerup Advokaten ApS<br><\/strong>Gr\u00f8nh\u00f8jvej 14<br>8382 Hinnerup<br>CVR 4286087<\/p>\n\n\n\n<p aria-label=\"Text Paragraph\" class=\"guten-element gutenverse-text guten-Y4rUof\"><br>Mail:\u00a0<mark style=\"background-color:rgba(0, 0, 0, 0);color:#3c3c3b\" class=\"has-inline-color\">jkk@hinnerupjuristen.dk<\/mark><\/p>\n\n\n\n<p aria-label=\"Text Paragraph\" class=\"guten-element gutenverse-text guten-kKAmIW\">Tlf.: 61651121<\/p>\n\n\n\n<p aria-label=\"Text Paragraph\" class=\"guten-element gutenverse-text guten-YRTmGD\"><br><strong>Web: www.hinnerupjuristen.dk&nbsp;<\/strong><\/p>\n\n\n\n<p><\/p>\n\n\n\n<p aria-label=\"Text Paragraph\" class=\"guten-element gutenverse-text guten-22njue\"><strong>Sagens modtagelse:<\/strong><\/p>\n\n\n\n<p aria-label=\"Text Paragraph\" class=\"guten-element gutenverse-text guten-Fh4zWo\">Hinnerup Advokaten er underlagt de advokatetiske regler om interessekonflikt, hvorfor der ved sagens modtagelse, sikres der, at der ikke foreligger interessekonflikt, inhabilitet eller andet, s\u00e5ledes vi ikke kan bist\u00e5 med sagen.\u00a0<\/p>\n\n\n\n<p><\/p>\n\n\n\n<p aria-label=\"Text Paragraph\" class=\"guten-element gutenverse-text guten-V3iO3G\">S\u00e5fremt Hinnerup Advokaten ikke kan best\u00e5 med opgaven, er Hinnerup Advokaten behj\u00e6lpelig med at henvise til en anden advokat.\u00a0<\/p>\n<\/div><\/div>\n<\/div><\/section><\/div>\n\n\n\n<div class=\"section-wrapper\" data-id=\"cqaHr8\"><section class=\"wp-block-gutenverse-section guten-element guten-section guten-cqaHr8 layout-boxed align-stretch\"><div class=\"guten-container guten-column-gap-default\">\n<div class=\"wp-block-gutenverse-column guten-element guten-column guten-Ow13YV\"><div class=\"guten-column-wrapper\" data-id=\"Ow13YV\">\n<p aria-label=\"Text Paragraph\" class=\"guten-element gutenverse-text guten-A6dyqT\"><strong>2. Hvidvask og databeskyttelse<\/strong><\/p>\n\n\n\n<div class=\"guten-element guten-spacer guten-WQ76W8\"><\/div>\n\n\n\n<p><\/p>\n\n\n\n<p aria-label=\"Text Paragraph\" class=\"guten-element gutenverse-text guten-Pflwfy\">Hinnerup Advokaten er underlagt reglerne i hvidvaskloven og indhenter og opbevarer identitetsoplysninger p\u00e5 klienter efter regler i denne lov. Sager omfattet af loven kr\u00e6ves der modtagelse af personoplysninger s\u00e5som navn, adresse samt cpr.nr. Yderligere vil der blive anmodet om dokumentation i form af kopi af pas eller k\u00f8rekort samt sygesikring.\u00a0<\/p>\n\n\n\n<p aria-label=\"Text Paragraph\" class=\"guten-element gutenverse-text guten-LdmM87\"><br>Hvis klienten er en juridisk person\/virksomhed, skal der indhentes identitetsoplysninger, dvs. navn og CVR-nr., ledelsens navne, tegningsregler samt navne p\u00e5 de fysiske personer, der i sidste instans kontrollerer den juridiske person.\u00a0<\/p>\n\n\n\n<p aria-label=\"Text Paragraph\" class=\"guten-element gutenverse-text guten-hqNubg\"><br>Oplysningerne behandles alene med henblik p\u00e5 at forebyggelse af hvidvask eller finansiering af terrorisme. Identitetsoplysningerne bliver ikke brugt til kommercielle form\u00e5l.<\/p>\n\n\n\n<p aria-label=\"Text Paragraph\" class=\"guten-element gutenverse-text guten-L9f5zs\"><br>Hinnerup Advokaten henviser ligeledes til virksomheden privatlivspolitik p\u00e5 hjemmesiden.<\/p>\n<\/div><\/div>\n<\/div><\/section><\/div>\n\n\n\n<div class=\"section-wrapper\" data-id=\"xHEKv2\"><section class=\"wp-block-gutenverse-section guten-element guten-section guten-xHEKv2 layout-boxed align-stretch\"><div class=\"guten-container guten-column-gap-default\">\n<div class=\"wp-block-gutenverse-column guten-element guten-column guten-r7oAwk\"><div class=\"guten-column-wrapper\" data-id=\"r7oAwk\">\n<p aria-label=\"Text Paragraph\" class=\"guten-element gutenverse-text guten-vQ0PAr\"><strong>3. Dokumenter<\/strong><\/p>\n\n\n\n<div class=\"guten-element guten-spacer guten-0PNZjA\"><\/div>\n\n\n\n<p><\/p>\n\n\n\n<p aria-label=\"Text Paragraph\" class=\"guten-element gutenverse-text guten-N7nvfu\">Oplysningerne i sagen opbevares i mindst 5 \u00e5r fra sagens afslutning.\u00a0<\/p>\n<\/div><\/div>\n<\/div><\/section><\/div>\n\n\n\n<div class=\"section-wrapper\" data-id=\"VAU8aY\"><section class=\"wp-block-gutenverse-section guten-element guten-section guten-VAU8aY layout-boxed align-stretch\"><div class=\"guten-container guten-column-gap-default\">\n<div class=\"wp-block-gutenverse-column guten-element guten-column guten-cnyqAF\"><div class=\"guten-column-wrapper\" data-id=\"cnyqAF\">\n<p aria-label=\"Text Paragraph\" class=\"guten-element gutenverse-text guten-GlsuH0\"><strong>4. Fortrolighed<\/strong><\/p>\n\n\n\n<div class=\"guten-element guten-spacer guten-RDkXQq\"><\/div>\n\n\n\n<p><\/p>\n\n\n\n<p aria-label=\"Text Paragraph\" class=\"guten-element gutenverse-text guten-JlpPqn\">Hinnerup Advokaten er underlagt tavshedspligt. Alle oplysninger behandles fortroligt.<\/p>\n<\/div><\/div>\n<\/div><\/section><\/div>\n\n\n\n<div class=\"section-wrapper\" data-id=\"f2DZu0\"><section class=\"wp-block-gutenverse-section guten-element guten-section guten-f2DZu0 layout-boxed align-stretch\"><div class=\"guten-container guten-column-gap-default\">\n<div class=\"wp-block-gutenverse-column guten-element guten-column guten-hyOWMZ\"><div class=\"guten-column-wrapper\" data-id=\"hyOWMZ\">\n<p aria-label=\"Text Paragraph\" class=\"guten-element gutenverse-text guten-fojlUI\"><strong>5. Honorar og fakturering<\/strong><\/p>\n\n\n\n<div class=\"guten-element guten-spacer guten-3n7dw5\"><\/div>\n\n\n\n<p><\/p>\n\n\n\n<p aria-label=\"Text Paragraph\" class=\"guten-element gutenverse-text guten-W1xF6f\">Hinnerup Advokaten udarbejder som regel det forventede honorar eller de kriterierne for honoraret st\u00f8rrelse, inden arbejdet p\u00e5begyndes.\u00a0<br>Honoraret beregnes med udgangspunkt i en r\u00e6kke parametre herunder den tid der medg\u00e5r i forbindelse med behandling af sagen, opgavens omfang, kompleksitet og karakter mv.\u00a0<br>Over for forbrugere oplyses der helst en fast pris for opgaven.\u00a0<br>Afregning af sagerne sker som udgangspunkt n\u00e5r opgaven afsluttet medmindre der er tale om l\u00e6ngerevarende opgaver. Hinnerup Advokaten betalingsbetingelser er 8 dage fra fakturadato.\u00a0<\/p>\n<\/div><\/div>\n<\/div><\/section><\/div>\n\n\n\n<div class=\"section-wrapper\" data-id=\"vlhIj2\"><section class=\"wp-block-gutenverse-section guten-element guten-section guten-vlhIj2 layout-boxed align-stretch\"><div class=\"guten-container guten-column-gap-default\">\n<div class=\"wp-block-gutenverse-column guten-element guten-column guten-Edrb59\"><div class=\"guten-column-wrapper\" data-id=\"Edrb59\">\n<p aria-label=\"Text Paragraph\" class=\"guten-element gutenverse-text guten-Qsd2h9\"><strong>6. Ansvar<\/strong><\/p>\n\n\n\n<div class=\"guten-element guten-spacer guten-YMHSQM\"><\/div>\n\n\n\n<p><\/p>\n\n\n\n<p aria-label=\"Text Paragraph\" class=\"guten-element gutenverse-text guten-SS116S\">Hinnerup Advokaten r\u00e5dgiver udelukkende om dansk ret. Hinnerup Advokaten har tegnet ansvarsforsikring af eventuelle erstatningstab. Forsikringen er tegnet hos HDI forsikring, dog begr\u00e6nset til maksimalt DKK 5 mio.\u00a0\u00a0<\/p>\n\n\n\n<div class=\"guten-element guten-spacer guten-7mO7zq\"><\/div>\n<\/div><\/div>\n<\/div><\/section><\/div>\n","protected":false},"excerpt":{"rendered":"","protected":false},"author":1,"featured_media":0,"parent":0,"menu_order":0,"comment_status":"closed","ping_status":"closed","template":"","meta":{"footnotes":""},"class_list":["post-70","page","type-page","status-publish","hentry"],"_links":{"self":[{"href":"https:\/\/hinnerupjuristen.dk\/index.php?rest_route=\/wp\/v2\/pages\/70","targetHints":{"allow":["GET"]}}],"collection":[{"href":"https:\/\/hinnerupjuristen.dk\/index.php?rest_route=\/wp\/v2\/pages"}],"about":[{"href":"https:\/\/hinnerupjuristen.dk\/index.php?rest_route=\/wp\/v2\/types\/page"}],"author":[{"embeddable":true,"href":"https:\/\/hinnerupjuristen.dk\/index.php?rest_route=\/wp\/v2\/users\/1"}],"replies":[{"embeddable":true,"href":"https:\/\/hinnerupjuristen.dk\/index.php?rest_route=%2Fwp%2Fv2%2Fcomments&post=70"}],"version-history":[{"count":22,"href":"https:\/\/hinnerupjuristen.dk\/index.php?rest_route=\/wp\/v2\/pages\/70\/revisions"}],"predecessor-version":[{"id":1742,"href":"https:\/\/hinnerupjuristen.dk\/index.php?rest_route=\/wp\/v2\/pages\/70\/revisions\/1742"}],"wp:attachment":[{"href":"https:\/\/hinnerupjuristen.dk\/index.php?rest_route=%2Fwp%2Fv2%2Fmedia&parent=70"}],"curies":[{"name":"wp","href":"https:\/\/api.w.org\/{rel}","templated":true}]}}