{"id":2,"date":"2023-09-21T11:42:59","date_gmt":"2023-09-21T11:42:59","guid":{"rendered":"http:\/\/hinnerupjuristen.dk\/?page_id=2"},"modified":"2024-02-14T07:35:34","modified_gmt":"2024-02-14T07:35:34","slug":"sample-page","status":"publish","type":"page","link":"https:\/\/hinnerupjuristen.dk\/?page_id=2","title":{"rendered":"Obligatoriske oplysninger"},"content":{"rendered":"\n<h2 class=\"wp-block-gutenverse-heading guten-element guten-j2MuSC\"><strong>Beskikkelse<\/strong><\/h2>\n\n\n\n<div class=\"wp-block-columns is-layout-flex wp-container-core-columns-is-layout-28f84493 wp-block-columns-is-layout-flex\">\n<div class=\"wp-block-column is-layout-flow wp-block-column-is-layout-flow\" style=\"flex-basis:100%\">\n<blockquote class=\"wp-block-quote is-layout-flow wp-block-quote-is-layout-flow\">\n<p class=\"has-intrace-primary-color has-text-color\">Hinnerup Advokaten ApS er beskikket af Justitsministeriet i Danmark og medlemmer af Advokatsamfundet.<\/p>\n<\/blockquote>\n<\/div>\n<\/div>\n\n\n\n<h2 class=\"wp-block-gutenverse-heading guten-element guten-HsVtst\"><strong>Forsikringsoplysninger<\/strong><\/h2>\n\n\n\n<p class=\"has-intrace-primary-color has-text-color\">Hinnerup Advokaten ApS har tegnet advokatansvars- og garantiforsikring hos HDI Global Specialty Danmark, Indiakaj 6, 1. sal, DK-2100 K\u00f8benhavn \u00d8<\/p>\n\n\n\n<p class=\"has-intrace-primary-color has-text-color\">Policenr.: 156-76499439-30010<br>E-mail:&nbsp;<a href=\"mailto:info-dk@hdi-specialty.com\">info-dk@hdi-specialty.com<\/a><\/p>\n\n\n\n<h2 class=\"wp-block-gutenverse-heading guten-element guten-hSjdYx\"><strong>Bankoplysninger<\/strong><\/h2>\n\n\n\n<p class=\"has-intrace-primary-color has-text-color\">Hinnerup Advokaten har klientkonto hos Spar Nord<br>Reg. 9004 kontonr.&nbsp;1120706973<\/p>\n\n\n\n<h2 class=\"wp-block-gutenverse-heading guten-element guten-YI5rPH\"><strong>Klage<\/strong><\/h2>\n\n\n\n<blockquote class=\"wp-block-quote is-layout-flow wp-block-quote-is-layout-flow\">\n<p class=\"has-intrace-primary-color has-text-color has-link-color wp-elements-dc798bd947eb8d09eadbf0b22f55b1fe\">I tilf\u00e6lde af en tvist om sal\u00e6r opkr\u00e6vet af Hinnerup Advokater ApS og\/eller utilfredshed med \u00e9n af Hinnerup advokaters adf\u00e6rd, kan du klage over sal\u00e6rets st\u00f8rrelse og\/eller adf\u00e6rden til Advokatn\u00e6vnet, Kronprinsessegade 28, 1306 K\u00f8benhavn K.<\/p>\n<\/blockquote>\n\n\n\n<h2 class=\"wp-block-gutenverse-heading guten-element guten-Fgn8KJ\"><strong>Tilsyns- og disciplin\u00e6rsystem<\/strong><\/h2>\n\n\n\n<p class=\"has-intrace-primary-color has-text-color\">Alle danske advokater er omfattet af Advokatsamfundets tilsyns- og disciplin\u00e6rsystem og af reglerne om god advokatskik i retsplejelovens \u00a7 126. Herudover er advokaterne underlagt Advokatsamfundets etiske regler, som kan findes p\u00e5<a href=\"http:\/\/www.advokatsamfundet.dk\/\" target=\"_blank\" rel=\"noreferrer noopener\">&nbsp;www.advokatsamfundet.dk<\/a>.<\/p>\n\n\n\n<div class=\"guten-element guten-spacer guten-zHV8u2\"><\/div>\n\n\n\n<div class=\"guten-element gutenverse-text-editor guten-vCo0Tt\"><div class=\"text-content-inner\">\n<p class=\"has-intrace-primary-color has-text-color\"><strong>Hinnerup Advokaten<\/strong> <strong>ApS \u2013 Gr\u00f8nh\u00f8jvej 14 \u2013 8382 Hinnerup \u2013 Tlf. 61 65 11 21 \u2013<\/strong> <strong>CVR. Nr. 42 86 08 67<\/strong><\/p>\n\n\n\n<div class=\"guten-element guten-spacer guten-qOyH0I\"><\/div>\n<\/div><\/div>\n","protected":false},"excerpt":{"rendered":"<p>Hinnerup Advokaten ApS er beskikket af Justitsministeriet i Danmark og medlemmer af Advokatsamfundet. Hinnerup Advokaten ApS har tegnet advokatansvars- og garantiforsikring hos HDI Global Specialty Danmark, Indiakaj 6, 1. sal, DK-2100 K\u00f8benhavn \u00d8 Policenr.: 156-76499439-30010E-mail:&nbsp;info-dk@hdi-specialty.com Hinnerup Advokaten har klientkonto hos Spar NordReg. 9004 kontonr.&nbsp;1120706973 I tilf\u00e6lde af en tvist om sal\u00e6r opkr\u00e6vet af Hinnerup Advokater ApS og\/eller utilfredshed med \u00e9n af Hinnerup advokaters adf\u00e6rd, kan du klage over sal\u00e6rets st\u00f8rrelse og\/eller adf\u00e6rden til Advokatn\u00e6vnet, Kronprinsessegade 28, 1306 K\u00f8benhavn K. Alle danske advokater er omfattet af Advokatsamfundets tilsyns- og disciplin\u00e6rsystem og af reglerne om god advokatskik i retsplejelovens \u00a7 126. Herudover<\/p>\n","protected":false},"author":1,"featured_media":0,"parent":0,"menu_order":0,"comment_status":"closed","ping_status":"open","template":"","meta":{"footnotes":""},"class_list":["post-2","page","type-page","status-publish","hentry"],"_links":{"self":[{"href":"https:\/\/hinnerupjuristen.dk\/index.php?rest_route=\/wp\/v2\/pages\/2","targetHints":{"allow":["GET"]}}],"collection":[{"href":"https:\/\/hinnerupjuristen.dk\/index.php?rest_route=\/wp\/v2\/pages"}],"about":[{"href":"https:\/\/hinnerupjuristen.dk\/index.php?rest_route=\/wp\/v2\/types\/page"}],"author":[{"embeddable":true,"href":"https:\/\/hinnerupjuristen.dk\/index.php?rest_route=\/wp\/v2\/users\/1"}],"replies":[{"embeddable":true,"href":"https:\/\/hinnerupjuristen.dk\/index.php?rest_route=%2Fwp%2Fv2%2Fcomments&post=2"}],"version-history":[{"count":9,"href":"https:\/\/hinnerupjuristen.dk\/index.php?rest_route=\/wp\/v2\/pages\/2\/revisions"}],"predecessor-version":[{"id":57,"href":"https:\/\/hinnerupjuristen.dk\/index.php?rest_route=\/wp\/v2\/pages\/2\/revisions\/57"}],"wp:attachment":[{"href":"https:\/\/hinnerupjuristen.dk\/index.php?rest_route=%2Fwp%2Fv2%2Fmedia&parent=2"}],"curies":[{"name":"wp","href":"https:\/\/api.w.org\/{rel}","templated":true}]}}