{"id":1658,"date":"2024-10-08T11:06:45","date_gmt":"2024-10-08T11:06:45","guid":{"rendered":"https:\/\/hinnerupjuristen.dk\/?page_id=1658"},"modified":"2024-10-08T11:14:11","modified_gmt":"2024-10-08T11:14:11","slug":"ydelse-aegtepagt-og-saereje","status":"publish","type":"page","link":"https:\/\/hinnerupjuristen.dk\/?page_id=1658","title":{"rendered":"Ydelse &#8211; \u00c6gtepagt og s\u00e6reje"},"content":{"rendered":"\n<div class=\"section-wrapper\" data-id=\"STbPTI\"><section class=\"wp-block-gutenverse-section guten-element guten-section guten-STbPTI layout-boxed align-stretch\"><div class=\"guten-container guten-column-gap-no\">\n<div class=\"wp-block-gutenverse-column guten-element guten-column guten-VVjpbv\"><div class=\"guten-column-wrapper\" data-id=\"VVjpbv\">\n<div class=\"section-wrapper\" data-id=\"qcjviw\"><section class=\"wp-block-gutenverse-section guten-element guten-section guten-qcjviw animated guten-element-hide desktop-fadeInUp layout-boxed align-stretch\"><div class=\"guten-container guten-column-gap-no\">\n<div class=\"wp-block-gutenverse-column guten-element guten-column guten-bYsQ3G\"><div class=\"guten-column-wrapper\" data-id=\"bYsQ3G\"><\/div><\/div>\n<\/div><\/section><\/div>\n\n\n\n<div class=\"section-wrapper\" data-id=\"NY1qOv\"><section class=\"wp-block-gutenverse-section guten-element guten-section guten-NY1qOv animated guten-element-hide slow desktop-fadeInUp layout-boxed align-stretch\"><div class=\"guten-container guten-column-gap-no\"><\/div><\/section><\/div>\n<\/div><\/div>\n<\/div><\/section><\/div>\n\n\n\n<div class=\"section-wrapper\" data-id=\"tZeRCh\"><section class=\"wp-block-gutenverse-section guten-element guten-section guten-tZeRCh layout-boxed align-stretch\"><div class=\"guten-container guten-column-gap-no\">\n<div class=\"wp-block-gutenverse-column guten-element guten-column guten-KbzO3H\"><div class=\"guten-column-wrapper\" data-id=\"KbzO3H\">\n<h6 class=\"wp-block-gutenverse-heading guten-element guten-yt0JFG animated guten-element-hide desktop-fadeInUp\"><strong>TAG STYRING OVER DIN FORMUE MED EN \u00c6GTESPAGT ELLER S\u00c6REJE<\/strong><\/h6>\n\n\n\n<div class=\"guten-element gutenverse-text-editor guten-DFONDN animated guten-element-hide desktop-fadeInUp\"><div class=\"text-content-inner\">\n<p>En \u00e6gtepagt eller s\u00e6reje er din m\u00e5de at beskytte dine \u00f8konomiske interesser p\u00e5 i tilf\u00e6lde af separation, skilsmisse eller d\u00f8d. Ved at etablere klare aftaler om, hvordan jeres formue skal deles, f\u00e5r I begge ro i sindet og undg\u00e5r un\u00f8dvendige konflikter. En \u00e6gtepagt kan omfatte alt fra ejendom til opsparinger og sikrer, at dine \u00f8nsker respekteres, hvis livet tager en uventet drejning.<\/p>\n<\/div><\/div>\n\n\n\n<div class=\"wp-block-gutenverse-divider guten-element guten-divider guten-IEjLw1 animated guten-element-hide desktop-fadeInUp\"><div class=\"guten-divider-wrapper\"><div class=\"guten-divider-default guten-divider-line guten-divider-regular\"><\/div><\/div><\/div>\n<\/div><\/div>\n<\/div><\/section><\/div>\n\n\n\n<div class=\"section-wrapper\" data-id=\"RBhphY\"><section class=\"wp-block-gutenverse-section guten-element guten-section guten-RBhphY layout-fullwidth align-stretch\"><div class=\"guten-container guten-column-gap-no\">\n<div class=\"wp-block-gutenverse-column guten-element guten-column guten-dsJN5g animated guten-element-hide desktop-fadeInUp\"><div class=\"guten-column-wrapper\" data-id=\"dsJN5g\">\n<div class=\"guten-element guten-WmWWNP guten-icon-box icon-position-undefined\"><div class=\"guten-icon-box-wrapper hover-from-left\"><div class=\"icon-box icon-box-header\"><div class=\"icon style-color\"><i class=\"gtn gtn-check-circle-line\"><\/i><\/div><\/div><div class=\"icon-box icon-box-body\"><h2 class=\"title\">Sikring af formue<\/h2><p class=\"icon-box-description\">Med en \u00e6gtepagt eller s\u00e6reje kan du sikrer dig, at dine \u00f8nsker altid bliver respekteret, og at du kan bevare det, du har opbygget.<\/p><\/div><\/div><\/div>\n<\/div><\/div>\n\n\n\n<div class=\"wp-block-gutenverse-column guten-element guten-column guten-nUmYDQ animated guten-element-hide desktop-fadeInUp\"><div class=\"guten-column-wrapper\" data-id=\"nUmYDQ\">\n<div class=\"guten-element guten-cSXQRO guten-icon-box icon-position-undefined\"><div class=\"guten-icon-box-wrapper hover-from-left\"><div class=\"icon-box icon-box-header\"><div class=\"icon style-color\"><i class=\"gtn gtn-check-circle-line\"><\/i><\/div><\/div><div class=\"icon-box icon-box-body\"><h2 class=\"title\">Undg\u00e5 konflikter<\/h2><p class=\"icon-box-description\">Klare aftaler om formuefordeling mindsker risikoen for stridigheder mellem dig og din partner, hvis I en dag st\u00e5r over for en separation eller skilsmisse.<\/p><\/div><\/div><\/div>\n<\/div><\/div>\n\n\n\n<div class=\"wp-block-gutenverse-column guten-element guten-column guten-GDs4bm animated guten-element-hide desktop-fadeInUp\"><div class=\"guten-column-wrapper\" data-id=\"GDs4bm\">\n<div class=\"guten-element guten-suV8Qh guten-icon-box icon-position-undefined\"><div class=\"guten-icon-box-wrapper hover-from-left\"><div class=\"icon-box icon-box-header\"><div class=\"icon style-color\"><i class=\"gtn gtn-check-circle-line\"><\/i><\/div><\/div><div class=\"icon-box icon-box-body\"><h2 class=\"title\">Beskyttelse af aktiver<\/h2><p class=\"icon-box-description\">S\u00e6reje beskytter dine personlige aktiver og sikrer, at de forbliver dine, uanset hvad der sker i jeres forhold.<\/p><\/div><\/div><\/div>\n<\/div><\/div>\n\n\n\n<div class=\"wp-block-gutenverse-column guten-element guten-column guten-Uccfk7 animated guten-element-hide desktop-fadeInUp\"><div class=\"guten-column-wrapper\" data-id=\"Uccfk7\">\n<div class=\"guten-element guten-4A6LjT guten-icon-box icon-position-undefined\"><div class=\"guten-icon-box-wrapper hover-from-left\"><div class=\"icon-box icon-box-header\"><div class=\"icon style-color\"><i class=\"gtn gtn-check-circle-line\"><\/i><\/div><\/div><div class=\"icon-box icon-box-body\"><h2 class=\"title\">Professionel r\u00e5dgivning<\/h2><p class=\"icon-box-description\">Hos Hinnerup Juristen f\u00e5r du skr\u00e6ddersyet r\u00e5dgivning tilpasset din situation, s\u00e5 du kan f\u00f8le dig tryg ved de beslutninger, du tr\u00e6ffer.<\/p><\/div><\/div><\/div>\n<\/div><\/div>\n<\/div><\/section><\/div>\n\n\n\n<div class=\"section-wrapper\" data-id=\"SOrDlV\"><section class=\"wp-block-gutenverse-section guten-element guten-section guten-SOrDlV layout-boxed align-stretch\"><div class=\"guten-container guten-column-gap-no\">\n<div class=\"wp-block-gutenverse-column guten-element guten-column guten-49inkG\"><div class=\"guten-column-wrapper\" data-id=\"49inkG\">\n<h2 class=\"wp-block-gutenverse-heading guten-element guten-Z9rfdt animated guten-element-hide desktop-fadeInLeft\">Hvordan kan jeg hj\u00e6lpe?<\/h2>\n\n\n\n<div class=\"guten-element gutenverse-text-editor guten-ds7jZ7 animated guten-element-hide desktop-fadeInLeft\"><div class=\"text-content-inner\">\n<p>N\u00e5r det kommer til at sikre dine \u00f8konomiske interesser og personlige \u00f8nsker, er det vigtigt at have en klar plan. Hos Hinnerup Juristen tilbyder jeg professionel r\u00e5dgivning og skr\u00e6ddersyede l\u00f8sninger til b\u00e5de \u00e6gtepagt og s\u00e6reje. Jeg hj\u00e6lper dig med at navigere gennem de juridiske aspekter og sikrer, at dine \u00f8nsker bliver konkretiseret i dokumentationen.<\/p>\n<\/div><\/div>\n\n\n\n<div class=\"guten-element guten-button-wrapper guten-VneMQi\"><a class=\"guten-button animated guten-element-hide desktop-fadeInLeft guten-button-sm\" href=\"https:\/\/hinnerupjuristen.dk\/?page_id=12\"><span>Kontakt mig her<\/span><\/a><\/div>\n<\/div><\/div>\n\n\n\n<div class=\"wp-block-gutenverse-column guten-element guten-column guten-Fr5BLO\"><div class=\"guten-column-wrapper\" data-id=\"Fr5BLO\">\n<div class=\"wp-block-gutenverse-image guten-element guten-image guten-2fh2W6 animated guten-element-hide desktop-fadeInDown hide-mobile\"><div class=\"guten-image-wrapper\"><img decoding=\"async\" class=\"gutenverse-image-box-filled\" src=\"https:\/\/hinnerupjuristen.dk\/wp-content\/uploads\/2024\/08\/line.webp\" height=\"1042\" width=\"9\"\/><\/div><\/div>\n\n\n\n<div class=\"wp-block-gutenverse-image guten-element guten-image guten-aAQNCP animated guten-element-hide desktop-fadeInDown hide-mobile\"><div class=\"guten-image-wrapper\"><img decoding=\"async\" class=\"gutenverse-image-box-filled\" src=\"https:\/\/hinnerupjuristen.dk\/wp-content\/uploads\/2024\/08\/line.webp\" height=\"1042\" width=\"9\"\/><\/div><\/div>\n\n\n\n<div class=\"guten-element guten-DNAlnj animated guten-element-hide desktop-fadeInDown guten-icon-box icon-position-left\"><div class=\"guten-icon-box-wrapper hover-from-left\"><div class=\"icon-box icon-box-header\"><div class=\"icon style-color\"><i class=\"gtn gtn-customer-service-light\"><\/i><\/div><\/div><div class=\"icon-box icon-box-body\"><h3 class=\"title\">Indledende m\u00f8de<\/h3><p class=\"icon-box-description\">Vi starter med en uforpligtende samtale, hvor jeg lytter til dine \u00f8nsker og behov. Her f\u00e5r vi mulighed for at afklare, hvilken l\u00f8sning der passer bedst til din situation.<\/p><\/div><\/div><\/div>\n\n\n\n<div class=\"guten-element guten-J7XtKz animated guten-element-hide desktop-fadeInDown guten-icon-box icon-position-left\"><div class=\"guten-icon-box-wrapper hover-from-left\"><div class=\"icon-box icon-box-header\"><div class=\"icon style-color\"><i class=\"gtn gtn-agenda-light\"><\/i><\/div><\/div><div class=\"icon-box icon-box-body\"><h3 class=\"title\">Udkast til aftale<\/h3><p class=\"icon-box-description\">Efter vores m\u00f8de udarbejder jeg et udkast til \u00e6gtepagten eller s\u00e6rejet, der pr\u00e6cist afspejler dine \u00f8nsker og behov. Dette sikrer, at vi har alle detaljer p\u00e5 plads, inden vi g\u00e5r videre.<\/p><\/div><\/div><\/div>\n\n\n\n<div class=\"guten-element guten-Jb1J1h animated guten-element-hide desktop-fadeInDown guten-icon-box icon-position-left\"><div class=\"guten-icon-box-wrapper hover-from-left\"><div class=\"icon-box icon-box-header\"><div class=\"icon style-color\"><i class=\"gtn gtn-Document-Search-light\"><\/i><\/div><\/div><div class=\"icon-box icon-box-body\"><h3 class=\"title\">Gennemgang og tilpasning<\/h3><p class=\"icon-box-description\">Vi gennemg\u00e5r udkastet sammen, s\u00e5 du kan stille sp\u00f8rgsm\u00e5l og f\u00e5 eventuelle tilpasninger. Det er vigtigt for mig, at du f\u00f8ler dig tryg ved indholdet, f\u00f8r det endelige dokument f\u00e6rdigg\u00f8res.<\/p><\/div><\/div><\/div>\n\n\n\n<div class=\"guten-element guten-fFk05b animated guten-element-hide desktop-fadeInDown guten-icon-box icon-position-left\"><div class=\"guten-icon-box-wrapper hover-from-left\"><div class=\"icon-box icon-box-header\"><div class=\"icon style-color\"><i class=\"gtn gtn-signature-solid\"><\/i><\/div><\/div><div class=\"icon-box icon-box-body\"><h3 class=\"title\">Underskrift og opbevaring<\/h3><p class=\"icon-box-description\">N\u00e5r aftalen er klar, s\u00f8rger jeg for, at den bliver korrekt underskrevet og opbevaret sikkert. Jeg kan ogs\u00e5 hj\u00e6lpe med at registrere dokumentet, hvis det er n\u00f8dvendigt, s\u00e5 du har ro i sindet.<\/p><\/div><\/div><\/div>\n<\/div><\/div>\n<\/div><\/section><\/div>\n\n\n\n<div class=\"section-wrapper\" data-id=\"1gGIcr\"><section class=\"wp-block-gutenverse-section guten-element guten-section guten-1gGIcr layout-boxed align-stretch\"><div class=\"guten-container guten-column-gap-no\">\n<div class=\"wp-block-gutenverse-column guten-element guten-column guten-rCthVg\"><div class=\"guten-column-wrapper\" data-id=\"rCthVg\">\n<h2 class=\"wp-block-gutenverse-heading guten-element guten-iQ5RUx animated guten-element-hide slow desktop-fadeInLeft\"><strong>Priser<\/strong><\/h2>\n\n\n\n<h2 class=\"wp-block-gutenverse-heading guten-element guten-4QytlK\">Hvad koster det?<\/h2>\n\n\n\n<div class=\"guten-element gutenverse-text-editor guten-0gflXP\"><div class=\"text-content-inner\">\n<p>At lave en \u00e6gtepagt eller s\u00e6reje handler om at tage styringen over dine v\u00e6rdier og fremtid. Det skal v\u00e6re simpelt og ligetil \u2013 og hos Hinnerup Juristen f\u00e5r du en l\u00f8sning, der b\u00e5de er personlig og professionel. Prisen er gennemsigtig, s\u00e5 du ved, hvad du f\u00e5r, n\u00e5r du v\u00e6lger at samarbejde med mig.<\/p>\n<\/div><\/div>\n\n\n\n<div class=\"guten-element guten-button-wrapper guten-De6nhE\"><a class=\"guten-button animated guten-element-hide desktop-fadeInLeft guten-button-sm\" href=\"https:\/\/hinnerupjuristen.dk\/?page_id=12\"><span>Kontakt mig her<\/span><\/a><\/div>\n<\/div><\/div>\n\n\n\n<div class=\"wp-block-gutenverse-column guten-element guten-column guten-J2jfZ2 animated guten-element-hide slow desktop-fadeInUp\"><div class=\"guten-column-wrapper\" data-id=\"J2jfZ2\">\n<h3 class=\"wp-block-gutenverse-heading guten-element guten-BWNSbW\"><strong>\u00c6gtepagt og S\u00e6reje<\/strong><\/h3>\n\n\n\n<h2 class=\"wp-block-gutenverse-heading guten-element guten-oftz7y\"><\/h2>\n\n\n\n<div class=\"guten-element guten-icon-list guten-bSSeqs\">\n<div class=\"guten-element guten-icon-list-item guten-NRAbpd\"><a id=\"guten-NRAbpd\"><i class=\"fas fa-check\"><\/i><span class=\"list-text \"><strong>Personlig konsultation<\/strong><br>Gennemgang af dine \u00f8nsker og behov<\/span><\/a><\/div>\n\n\n\n<div class=\"guten-element guten-icon-list-item guten-OQCYPT\"><a id=\"guten-OQCYPT\"><i class=\"fas fa-check\"><\/i><span class=\"list-text \"><strong>Skr\u00e6ddersyet \u00e6gtepagt\/ s\u00e6reje<\/strong><br>Tilpasset din specifikke situation<\/span><\/a><\/div>\n\n\n\n<div class=\"guten-element guten-icon-list-item guten-SQ16QL\"><a id=\"guten-SQ16QL\"><i class=\"fas fa-check\"><\/i><span class=\"list-text \"><strong>Juridisk r\u00e5dgivning<\/strong><br>Sikring af, at alt er lovligt og korrekt formuleret<\/span><\/a><\/div>\n\n\n\n<div class=\"guten-element guten-icon-list-item guten-Q8ysli\"><a id=\"guten-Q8ysli\"><i class=\"fas fa-check\"><\/i><span class=\"list-text \"><strong>Registrering<\/strong><br>Professionel hj\u00e6lp med den officielle registrering af \u00e6gtepagten\/ s\u00e6rejet<\/span><\/a><\/div>\n<\/div>\n\n\n\n<div class=\"guten-element gutenverse-text-editor guten-VXv6Li\"><div class=\"text-content-inner\">\n<p class=\"has-text-color has-link-color has-extra-large-font-size wp-elements-87c736442c71e0123cc2ecb053b0841b\" style=\"color:#19182f\">XxX<\/p>\n<\/div><\/div>\n\n\n\n<div class=\"guten-element gutenverse-text-editor guten-HlrnQf\"><div class=\"text-content-inner\">\n<p>Dkk. inkl. moms<\/p>\n<\/div><\/div>\n<\/div><\/div>\n<\/div><\/section><\/div>\n\n\n\n<div class=\"section-wrapper\" data-id=\"YHzNpD\"><section class=\"wp-block-gutenverse-section guten-element guten-section guten-YHzNpD hide-desktop hide-tablet hide-mobile layout-boxed align-stretch\"><div class=\"guten-container guten-column-gap-no\">\n<div class=\"wp-block-gutenverse-column guten-element guten-column guten-8lAHDh\"><div class=\"guten-column-wrapper\" data-id=\"8lAHDh\">\n<div class=\"section-wrapper\" data-id=\"34Ghnb\"><section class=\"wp-block-gutenverse-section guten-element guten-section guten-34Ghnb layout-fullwidth align-stretch\"><div class=\"guten-container guten-column-gap-no\">\n<div class=\"wp-block-gutenverse-column guten-element guten-column guten-rurxUU\"><div class=\"guten-column-wrapper\" data-id=\"rurxUU\">\n<h2 class=\"wp-block-gutenverse-heading guten-element guten-LoJ4UT animated guten-element-hide desktop-fadeInUp\"><\/h2>\n\n\n\n<div class=\"section-wrapper\" data-id=\"CxZf7g\"><section class=\"wp-block-gutenverse-section guten-element guten-section guten-CxZf7g animated guten-element-hide desktop-fadeInUp layout-fullwidth align-stretch overflow-auto\"><div class=\"guten-background-overlay\"><\/div><div class=\"guten-container guten-column-gap-default\">\n<div class=\"wp-block-gutenverse-column guten-element guten-column guten-JQ9Xdd\"><div class=\"guten-column-wrapper\" data-id=\"JQ9Xdd\"><\/div><\/div>\n<\/div><\/section><\/div>\n<\/div><\/div>\n<\/div><\/section><\/div>\n<\/div><\/div>\n<\/div><\/section><\/div>\n","protected":false},"excerpt":{"rendered":"","protected":false},"author":1,"featured_media":0,"parent":0,"menu_order":0,"comment_status":"closed","ping_status":"closed","template":"","meta":{"footnotes":""},"class_list":["post-1658","page","type-page","status-publish","hentry"],"_links":{"self":[{"href":"https:\/\/hinnerupjuristen.dk\/index.php?rest_route=\/wp\/v2\/pages\/1658","targetHints":{"allow":["GET"]}}],"collection":[{"href":"https:\/\/hinnerupjuristen.dk\/index.php?rest_route=\/wp\/v2\/pages"}],"about":[{"href":"https:\/\/hinnerupjuristen.dk\/index.php?rest_route=\/wp\/v2\/types\/page"}],"author":[{"embeddable":true,"href":"https:\/\/hinnerupjuristen.dk\/index.php?rest_route=\/wp\/v2\/users\/1"}],"replies":[{"embeddable":true,"href":"https:\/\/hinnerupjuristen.dk\/index.php?rest_route=%2Fwp%2Fv2%2Fcomments&post=1658"}],"version-history":[{"count":6,"href":"https:\/\/hinnerupjuristen.dk\/index.php?rest_route=\/wp\/v2\/pages\/1658\/revisions"}],"predecessor-version":[{"id":1670,"href":"https:\/\/hinnerupjuristen.dk\/index.php?rest_route=\/wp\/v2\/pages\/1658\/revisions\/1670"}],"wp:attachment":[{"href":"https:\/\/hinnerupjuristen.dk\/index.php?rest_route=%2Fwp%2Fv2%2Fmedia&parent=1658"}],"curies":[{"name":"wp","href":"https:\/\/api.w.org\/{rel}","templated":true}]}}