{"id":1629,"date":"2024-10-08T09:48:51","date_gmt":"2024-10-08T09:48:51","guid":{"rendered":"https:\/\/hinnerupjuristen.dk\/?page_id=1629"},"modified":"2024-10-08T11:15:11","modified_gmt":"2024-10-08T11:15:11","slug":"fremtidsfuldmagt","status":"publish","type":"page","link":"https:\/\/hinnerupjuristen.dk\/?page_id=1629","title":{"rendered":"Ydelse &#8211; Fremtidsfuldmagter"},"content":{"rendered":"\n<div class=\"section-wrapper\" data-id=\"STbPTI\"><section class=\"wp-block-gutenverse-section guten-element guten-section guten-STbPTI layout-boxed align-stretch\"><div class=\"guten-container guten-column-gap-no\">\n<div class=\"wp-block-gutenverse-column guten-element guten-column guten-VVjpbv\"><div class=\"guten-column-wrapper\" data-id=\"VVjpbv\">\n<div class=\"section-wrapper\" data-id=\"qcjviw\"><section class=\"wp-block-gutenverse-section guten-element guten-section guten-qcjviw animated guten-element-hide desktop-fadeInUp layout-boxed align-stretch\"><div class=\"guten-container guten-column-gap-no\">\n<div class=\"wp-block-gutenverse-column guten-element guten-column guten-bYsQ3G\"><div class=\"guten-column-wrapper\" data-id=\"bYsQ3G\"><\/div><\/div>\n<\/div><\/section><\/div>\n\n\n\n<div class=\"section-wrapper\" data-id=\"NY1qOv\"><section class=\"wp-block-gutenverse-section guten-element guten-section guten-NY1qOv animated guten-element-hide slow desktop-fadeInUp layout-boxed align-stretch\"><div class=\"guten-container guten-column-gap-no\"><\/div><\/section><\/div>\n<\/div><\/div>\n<\/div><\/section><\/div>\n\n\n\n<div class=\"section-wrapper\" data-id=\"tZeRCh\"><section class=\"wp-block-gutenverse-section guten-element guten-section guten-tZeRCh layout-boxed align-stretch\"><div class=\"guten-container guten-column-gap-no\">\n<div class=\"wp-block-gutenverse-column guten-element guten-column guten-KbzO3H\"><div class=\"guten-column-wrapper\" data-id=\"KbzO3H\">\n<h6 class=\"wp-block-gutenverse-heading guten-element guten-yt0JFG animated guten-element-hide desktop-fadeInUp\"><strong>Tag styring over din fremtid med en fremtidsfuldmagt<\/strong><\/h6>\n\n\n\n<div class=\"guten-element gutenverse-text-editor guten-DFONDN animated guten-element-hide desktop-fadeInUp\"><div class=\"text-content-inner\">\n<p>En fremtidsfuldmagt er din m\u00e5de at sikre, at dine personlige og \u00f8konomiske interesser varetages, hvis du en dag ikke l\u00e6ngere selv er i stand til det. Ved at udpege en betroet person til at tage beslutninger p\u00e5 dine vegne, f\u00e5r du ro i sindet, velvidende at dine \u00f8nsker vil blive respekteret. Fremtidsfuldmagten kan omfatte alt fra \u00f8konomiske dispositioner til sundhedsbeslutninger og sikrer, at de rette valg tr\u00e6ffes, hvis du skulle blive ramt af sygdom, sv\u00e6kket helbred eller ulykke.<\/p>\n<\/div><\/div>\n\n\n\n<div class=\"wp-block-gutenverse-divider guten-element guten-divider guten-IEjLw1 animated guten-element-hide desktop-fadeInUp\"><div class=\"guten-divider-wrapper\"><div class=\"guten-divider-default guten-divider-line guten-divider-regular\"><\/div><\/div><\/div>\n<\/div><\/div>\n<\/div><\/section><\/div>\n\n\n\n<div class=\"section-wrapper\" data-id=\"RBhphY\"><section class=\"wp-block-gutenverse-section guten-element guten-section guten-RBhphY layout-fullwidth align-stretch\"><div class=\"guten-container guten-column-gap-no\">\n<div class=\"wp-block-gutenverse-column guten-element guten-column guten-dsJN5g animated guten-element-hide desktop-fadeInUp\"><div class=\"guten-column-wrapper\" data-id=\"dsJN5g\">\n<div class=\"guten-element guten-WmWWNP guten-icon-box icon-position-undefined\"><div class=\"guten-icon-box-wrapper hover-from-left\"><div class=\"icon-box icon-box-header\"><div class=\"icon style-color\"><i class=\"gtn gtn-check-circle-line\"><\/i><\/div><\/div><div class=\"icon-box icon-box-body\"><h2 class=\"title\"><strong>Tag kontrollen over din fremtid!<\/strong><\/h2><p class=\"icon-box-description\">Med en fremtidsfuldmagt bestemmer du, hvem der skal tr\u00e6ffe beslutninger p\u00e5 dine vegne, hvis du ikke l\u00e6ngere kan.<\/p><\/div><\/div><\/div>\n<\/div><\/div>\n\n\n\n<div class=\"wp-block-gutenverse-column guten-element guten-column guten-nUmYDQ animated guten-element-hide desktop-fadeInUp\"><div class=\"guten-column-wrapper\" data-id=\"nUmYDQ\">\n<div class=\"guten-element guten-cSXQRO guten-icon-box icon-position-undefined\"><div class=\"guten-icon-box-wrapper hover-from-left\"><div class=\"icon-box icon-box-header\"><div class=\"icon style-color\"><i class=\"gtn gtn-check-circle-line\"><\/i><\/div><\/div><div class=\"icon-box icon-box-body\"><h2 class=\"title\"><strong>Sikring mod uventede udfordringer!<\/strong><\/h2><p class=\"icon-box-description\">Undg\u00e5 at det offentlige eller domstolene tager kontrol over dine anliggender, hvis du bliver uarbejdsdygtig.<\/p><\/div><\/div><\/div>\n<\/div><\/div>\n\n\n\n<div class=\"wp-block-gutenverse-column guten-element guten-column guten-GDs4bm animated guten-element-hide desktop-fadeInUp\"><div class=\"guten-column-wrapper\" data-id=\"GDs4bm\">\n<div class=\"guten-element guten-suV8Qh guten-icon-box icon-position-undefined\"><div class=\"guten-icon-box-wrapper hover-from-left\"><div class=\"icon-box icon-box-header\"><div class=\"icon style-color\"><i class=\"gtn gtn-check-circle-line\"><\/i><\/div><\/div><div class=\"icon-box icon-box-body\"><h2 class=\"title\"><strong>Forebyg konflikter blandt dine n\u00e6rmeste!<\/strong><\/h2><p class=\"icon-box-description\">Klarg\u00f8r dine \u00f8nsker for fremtiden og forhindre mulige uenigheder, der kan opst\u00e5 blandt dem, du holder af.<\/p><\/div><\/div><\/div>\n<\/div><\/div>\n\n\n\n<div class=\"wp-block-gutenverse-column guten-element guten-column guten-Uccfk7 animated guten-element-hide desktop-fadeInUp\"><div class=\"guten-column-wrapper\" data-id=\"Uccfk7\">\n<div class=\"guten-element guten-4A6LjT guten-icon-box icon-position-undefined\"><div class=\"guten-icon-box-wrapper hover-from-left\"><div class=\"icon-box icon-box-header\"><div class=\"icon style-color\"><i class=\"gtn gtn-check-circle-line\"><\/i><\/div><\/div><div class=\"icon-box icon-box-body\"><h2 class=\"title\"><strong>Effektivitet, n\u00e5r det g\u00e6lder!<\/strong><\/h2><p class=\"icon-box-description\">En fremtidsfuldmagt sikrer, at beslutninger tr\u00e6ffes hurtigt og effektivt, s\u00e5 du slipper for lange sagsbehandlingstider.<\/p><\/div><\/div><\/div>\n<\/div><\/div>\n<\/div><\/section><\/div>\n\n\n\n<div class=\"section-wrapper\" data-id=\"SOrDlV\"><section class=\"wp-block-gutenverse-section guten-element guten-section guten-SOrDlV layout-boxed align-stretch\"><div class=\"guten-container guten-column-gap-no\">\n<div class=\"wp-block-gutenverse-column guten-element guten-column guten-49inkG\"><div class=\"guten-column-wrapper\" data-id=\"49inkG\">\n<h2 class=\"wp-block-gutenverse-heading guten-element guten-Z9rfdt animated guten-element-hide desktop-fadeInLeft\">Hvordan kan jeg hj\u00e6lpe?<\/h2>\n\n\n\n<div class=\"guten-element gutenverse-text-editor guten-ds7jZ7 animated guten-element-hide desktop-fadeInLeft\"><div class=\"text-content-inner\">\n<p>At f\u00e5 udarbejdet en fremtidsfuldmagt er en investering i din egen tryghed. Det handler om at sikre, at dine \u00f8nsker bliver respekteret, hvis du en dag ikke kan tr\u00e6ffe beslutninger selv. Du f\u00e5r en skr\u00e6ddersyet l\u00f8sning, der tager h\u00f8jde for dine specifikke behov. Prisen er gennemsigtig, s\u00e5 du ved pr\u00e6cis, hvad du f\u00e5r, n\u00e5r du v\u00e6lger at samarbejde med mig.<\/p>\n<\/div><\/div>\n\n\n\n<div class=\"guten-element guten-button-wrapper guten-VneMQi\"><a class=\"guten-button animated guten-element-hide desktop-fadeInLeft guten-button-sm\" href=\"https:\/\/hinnerupjuristen.dk\/?page_id=12\"><span>Kontakt mig her<\/span><\/a><\/div>\n<\/div><\/div>\n\n\n\n<div class=\"wp-block-gutenverse-column guten-element guten-column guten-Fr5BLO\"><div class=\"guten-column-wrapper\" data-id=\"Fr5BLO\">\n<div class=\"wp-block-gutenverse-image guten-element guten-image guten-2fh2W6 animated guten-element-hide desktop-fadeInDown hide-mobile\"><div class=\"guten-image-wrapper\"><img decoding=\"async\" class=\"gutenverse-image-box-filled\" src=\"https:\/\/hinnerupjuristen.dk\/wp-content\/uploads\/2024\/08\/line.webp\" height=\"1042\" width=\"9\"\/><\/div><\/div>\n\n\n\n<div class=\"wp-block-gutenverse-image guten-element guten-image guten-aAQNCP animated guten-element-hide desktop-fadeInDown hide-mobile\"><div class=\"guten-image-wrapper\"><img decoding=\"async\" class=\"gutenverse-image-box-filled\" src=\"https:\/\/hinnerupjuristen.dk\/wp-content\/uploads\/2024\/08\/line.webp\" height=\"1042\" width=\"9\"\/><\/div><\/div>\n\n\n\n<div class=\"guten-element guten-DNAlnj animated guten-element-hide desktop-fadeInDown guten-icon-box icon-position-left\"><div class=\"guten-icon-box-wrapper hover-from-left\"><div class=\"icon-box icon-box-header\"><div class=\"icon style-color\"><i class=\"gtn gtn-customer-service-light\"><\/i><\/div><\/div><div class=\"icon-box icon-box-body\"><h3 class=\"title\">Indledende konsultation<\/h3><p class=\"icon-box-description\">Vi taler om dine behov og \u00f8nsker, og hvordan en fremtidsfuldmagt kan hj\u00e6lpe dig.<\/p><\/div><\/div><\/div>\n\n\n\n<div class=\"guten-element guten-J7XtKz animated guten-element-hide desktop-fadeInDown guten-icon-box icon-position-left\"><div class=\"guten-icon-box-wrapper hover-from-left\"><div class=\"icon-box icon-box-header\"><div class=\"icon style-color\"><i class=\"gtn gtn-agenda-light\"><\/i><\/div><\/div><div class=\"icon-box icon-box-body\"><h3 class=\"title\">Udarbejdelse<strong> <\/strong>af<strong> <\/strong>fremtidsfuldmagt<\/h3><p class=\"icon-box-description\">Jeg formulerer fremtidsfuldmagten, s\u00e5 den pr\u00e6cist afspejler dine \u00f8nsker og opfylder alle juridiske krav.<\/p><\/div><\/div><\/div>\n\n\n\n<div class=\"guten-element guten-Jb1J1h animated guten-element-hide desktop-fadeInDown guten-icon-box icon-position-left\"><div class=\"guten-icon-box-wrapper hover-from-left\"><div class=\"icon-box icon-box-header\"><div class=\"icon style-color\"><i class=\"gtn gtn-Document-Search-light\"><\/i><\/div><\/div><div class=\"icon-box icon-box-body\"><h3 class=\"title\">Gennemgang og tilpasning<\/h3><p class=\"icon-box-description\">Vi gennemg\u00e5r udkastet sammen og tilpasser det efter behov for at sikre, at det matcher dine \u00f8nsker.<\/p><\/div><\/div><\/div>\n\n\n\n<div class=\"guten-element guten-fFk05b animated guten-element-hide desktop-fadeInDown guten-icon-box icon-position-left\"><div class=\"guten-icon-box-wrapper hover-from-left\"><div class=\"icon-box icon-box-header\"><div class=\"icon style-color\"><i class=\"gtn gtn-signature-solid\"><\/i><\/div><\/div><div class=\"icon-box icon-box-body\"><h3 class=\"title\">Underskrivelse og registrering<\/h3><p class=\"icon-box-description\">N\u00e5r fremtidsfuldmagten er klar, s\u00f8rger vi for den formelle underskrivelse og registrering hos myndighederne.<\/p><\/div><\/div><\/div>\n<\/div><\/div>\n<\/div><\/section><\/div>\n\n\n\n<div class=\"section-wrapper\" data-id=\"1gGIcr\"><section class=\"wp-block-gutenverse-section guten-element guten-section guten-1gGIcr layout-boxed align-stretch\"><div class=\"guten-container guten-column-gap-no\">\n<div class=\"wp-block-gutenverse-column guten-element guten-column guten-rCthVg\"><div class=\"guten-column-wrapper\" data-id=\"rCthVg\">\n<h2 class=\"wp-block-gutenverse-heading guten-element guten-iQ5RUx animated guten-element-hide slow desktop-fadeInLeft\"><strong>Priser<\/strong><\/h2>\n\n\n\n<h2 class=\"wp-block-gutenverse-heading guten-element guten-4QytlK\">Hvad koster det?<\/h2>\n\n\n\n<div class=\"guten-element gutenverse-text-editor guten-0gflXP\"><div class=\"text-content-inner\">\n<p>At f\u00e5 udarbejdet en fremtidsfuldmagt er en investering i din egen tryghed. Det handler om at sikre, at dine \u00f8nsker bliver respekteret, hvis du en dag ikke kan tr\u00e6ffe beslutninger selv. Du f\u00e5r en skr\u00e6ddersyet l\u00f8sning, der tager h\u00f8jde for dine specifikke behov. Prisen er gennemsigtig, s\u00e5 du ved pr\u00e6cis, hvad du f\u00e5r, n\u00e5r du v\u00e6lger at samarbejde med mig.<\/p>\n<\/div><\/div>\n\n\n\n<div class=\"guten-element guten-button-wrapper guten-De6nhE\"><a class=\"guten-button animated guten-element-hide desktop-fadeInLeft guten-button-sm\" href=\"https:\/\/hinnerupjuristen.dk\/?page_id=12\"><span>Kontakt mig her<\/span><\/a><\/div>\n<\/div><\/div>\n\n\n\n<div class=\"wp-block-gutenverse-column guten-element guten-column guten-J2jfZ2 animated guten-element-hide slow desktop-fadeInUp\"><div class=\"guten-column-wrapper\" data-id=\"J2jfZ2\">\n<h3 class=\"wp-block-gutenverse-heading guten-element guten-BWNSbW\"><strong>Fremtidsfuldmagt<\/strong><\/h3>\n\n\n\n<h2 class=\"wp-block-gutenverse-heading guten-element guten-oftz7y\">1 person <\/h2>\n\n\n\n<div class=\"guten-element guten-icon-list guten-bSSeqs\">\n<div class=\"guten-element guten-icon-list-item guten-NRAbpd\"><a id=\"guten-NRAbpd\"><i class=\"fas fa-check\"><\/i><span class=\"list-text \"><strong>Personlig konsultation<\/strong><br>Gennemgang af dine \u00f8nsker og behov<\/span><\/a><\/div>\n\n\n\n<div class=\"guten-element guten-icon-list-item guten-OQCYPT\"><a id=\"guten-OQCYPT\"><i class=\"fas fa-check\"><\/i><span class=\"list-text \"><strong>Skr\u00e6ddersyet fremtidsfuldmagt<\/strong><br>Tilpasset din specifikke situation<\/span><\/a><\/div>\n\n\n\n<div class=\"guten-element guten-icon-list-item guten-SQ16QL\"><a id=\"guten-SQ16QL\"><i class=\"fas fa-check\"><\/i><span class=\"list-text \"><strong>Juridisk r\u00e5dgivning<\/strong><br>Sikring af, at alt er lovligt og korrekt formuleret<\/span><\/a><\/div>\n\n\n\n<div class=\"guten-element guten-icon-list-item guten-Q8ysli\"><a id=\"guten-Q8ysli\"><i class=\"fas fa-check\"><\/i><span class=\"list-text \"><strong>Registrering<\/strong><br>Professionel hj\u00e6lp med den officielle registrering af fremtidsfuldmagten<\/span><\/a><\/div>\n<\/div>\n\n\n\n<div class=\"guten-element gutenverse-text-editor guten-VXv6Li\"><div class=\"text-content-inner\">\n<p class=\"has-text-color has-link-color has-extra-large-font-size wp-elements-8cd6fe6b3881c2065774b821358d7dac\" style=\"color:#19182f\">2.500<\/p>\n<\/div><\/div>\n\n\n\n<div class=\"guten-element gutenverse-text-editor guten-HlrnQf\"><div class=\"text-content-inner\">\n<p>Dkk. inkl. moms<\/p>\n<\/div><\/div>\n<\/div><\/div>\n\n\n\n<div class=\"wp-block-gutenverse-column guten-element guten-column guten-zs00kD animated guten-element-hide slow desktop-fadeInUp\"><div class=\"guten-column-wrapper\" data-id=\"zs00kD\">\n<h3 class=\"wp-block-gutenverse-heading guten-element guten-2k5O3m\"><strong>Fremtidsfuldmagt<\/strong><\/h3>\n\n\n\n<h2 class=\"wp-block-gutenverse-heading guten-element guten-LujT8s\">2 personer (\u00e6gtepar) <\/h2>\n\n\n\n<div class=\"guten-element guten-icon-list guten-VQMtIN\">\n<div class=\"guten-element guten-icon-list-item guten-ZGQfkt\"><a id=\"guten-ZGQfkt\"><i class=\"fas fa-check\"><\/i><span class=\"list-text \"><strong>Personlig konsultation<\/strong><br>Gennemgang af dine \u00f8nsker og behov<\/span><\/a><\/div>\n\n\n\n<div class=\"guten-element guten-icon-list-item guten-JND5JS\"><a id=\"guten-JND5JS\"><i class=\"fas fa-check\"><\/i><span class=\"list-text \"><strong>Skr\u00e6ddersyet fremtidsfuldmagt<\/strong><br>Tilpasset din specifikke situation<\/span><\/a><\/div>\n\n\n\n<div class=\"guten-element guten-icon-list-item guten-Vw6Ukc\"><a id=\"guten-Vw6Ukc\"><i class=\"fas fa-check\"><\/i><span class=\"list-text \"><strong>Juridisk r\u00e5dgivning<\/strong><br>Sikring af, at alt er lovligt og korrekt formuleret<\/span><\/a><\/div>\n\n\n\n<div class=\"guten-element guten-icon-list-item guten-Knmmzr\"><a id=\"guten-Knmmzr\"><i class=\"fas fa-check\"><\/i><span class=\"list-text \"><strong>Registrering<\/strong><br>Professionel hj\u00e6lp med den officielle registrering af fremtidsfuldmagten<\/span><\/a><\/div>\n<\/div>\n\n\n\n<div class=\"guten-element gutenverse-text-editor guten-Takx3T\"><div class=\"text-content-inner\">\n<p class=\"has-text-color has-link-color has-extra-large-font-size wp-elements-441418ecddfc3c4c4419a202a174f08f\" style=\"color:#19182f\">3.200<\/p>\n<\/div><\/div>\n\n\n\n<div class=\"guten-element gutenverse-text-editor guten-FQQyaH\"><div class=\"text-content-inner\">\n<p>Dkk. inkl. moms<\/p>\n<\/div><\/div>\n<\/div><\/div>\n<\/div><\/section><\/div>\n\n\n\n<div class=\"section-wrapper\" data-id=\"YHzNpD\"><section class=\"wp-block-gutenverse-section guten-element guten-section guten-YHzNpD hide-desktop hide-tablet hide-mobile layout-boxed align-stretch\"><div class=\"guten-container guten-column-gap-no\">\n<div class=\"wp-block-gutenverse-column guten-element guten-column guten-8lAHDh\"><div class=\"guten-column-wrapper\" data-id=\"8lAHDh\">\n<div class=\"section-wrapper\" data-id=\"34Ghnb\"><section class=\"wp-block-gutenverse-section guten-element guten-section guten-34Ghnb layout-fullwidth align-stretch\"><div class=\"guten-container guten-column-gap-no\">\n<div class=\"wp-block-gutenverse-column guten-element guten-column guten-rurxUU\"><div class=\"guten-column-wrapper\" data-id=\"rurxUU\">\n<h2 class=\"wp-block-gutenverse-heading guten-element guten-LoJ4UT animated guten-element-hide desktop-fadeInUp\"><\/h2>\n\n\n\n<div class=\"section-wrapper\" data-id=\"CxZf7g\"><section class=\"wp-block-gutenverse-section guten-element guten-section guten-CxZf7g animated guten-element-hide desktop-fadeInUp layout-fullwidth align-stretch overflow-auto\"><div class=\"guten-background-overlay\"><\/div><div class=\"guten-container guten-column-gap-default\">\n<div class=\"wp-block-gutenverse-column guten-element guten-column guten-JQ9Xdd\"><div class=\"guten-column-wrapper\" data-id=\"JQ9Xdd\"><\/div><\/div>\n<\/div><\/section><\/div>\n<\/div><\/div>\n<\/div><\/section><\/div>\n<\/div><\/div>\n<\/div><\/section><\/div>\n","protected":false},"excerpt":{"rendered":"","protected":false},"author":1,"featured_media":0,"parent":0,"menu_order":0,"comment_status":"closed","ping_status":"closed","template":"","meta":{"footnotes":""},"class_list":["post-1629","page","type-page","status-publish","hentry"],"_links":{"self":[{"href":"https:\/\/hinnerupjuristen.dk\/index.php?rest_route=\/wp\/v2\/pages\/1629","targetHints":{"allow":["GET"]}}],"collection":[{"href":"https:\/\/hinnerupjuristen.dk\/index.php?rest_route=\/wp\/v2\/pages"}],"about":[{"href":"https:\/\/hinnerupjuristen.dk\/index.php?rest_route=\/wp\/v2\/types\/page"}],"author":[{"embeddable":true,"href":"https:\/\/hinnerupjuristen.dk\/index.php?rest_route=\/wp\/v2\/users\/1"}],"replies":[{"embeddable":true,"href":"https:\/\/hinnerupjuristen.dk\/index.php?rest_route=%2Fwp%2Fv2%2Fcomments&post=1629"}],"version-history":[{"count":17,"href":"https:\/\/hinnerupjuristen.dk\/index.php?rest_route=\/wp\/v2\/pages\/1629\/revisions"}],"predecessor-version":[{"id":1671,"href":"https:\/\/hinnerupjuristen.dk\/index.php?rest_route=\/wp\/v2\/pages\/1629\/revisions\/1671"}],"wp:attachment":[{"href":"https:\/\/hinnerupjuristen.dk\/index.php?rest_route=%2Fwp%2Fv2%2Fmedia&parent=1629"}],"curies":[{"name":"wp","href":"https:\/\/api.w.org\/{rel}","templated":true}]}}