{"id":1565,"date":"2024-10-07T11:23:31","date_gmt":"2024-10-07T11:23:31","guid":{"rendered":"https:\/\/hinnerupjuristen.dk\/?page_id=1565"},"modified":"2024-10-08T12:01:03","modified_gmt":"2024-10-08T12:01:03","slug":"ydelse-koebsaftale-og-skoede","status":"publish","type":"page","link":"https:\/\/hinnerupjuristen.dk\/?page_id=1565","title":{"rendered":"Ydelse &#8211; K\u00f8bsaftale og sk\u00f8de"},"content":{"rendered":"\n<div class=\"section-wrapper\" data-id=\"STbPTI\"><section class=\"wp-block-gutenverse-section guten-element guten-section guten-STbPTI layout-boxed align-stretch\"><div class=\"guten-container guten-column-gap-no\">\n<div class=\"wp-block-gutenverse-column guten-element guten-column guten-VVjpbv\"><div class=\"guten-column-wrapper\" data-id=\"VVjpbv\">\n<div class=\"section-wrapper\" data-id=\"qcjviw\"><section class=\"wp-block-gutenverse-section guten-element guten-section guten-qcjviw animated guten-element-hide desktop-fadeInUp layout-boxed align-stretch\"><div class=\"guten-container guten-column-gap-no\">\n<div class=\"wp-block-gutenverse-column guten-element guten-column guten-bYsQ3G\"><div class=\"guten-column-wrapper\" data-id=\"bYsQ3G\"><\/div><\/div>\n<\/div><\/section><\/div>\n\n\n\n<div class=\"section-wrapper\" data-id=\"NY1qOv\"><section class=\"wp-block-gutenverse-section guten-element guten-section guten-NY1qOv animated guten-element-hide slow desktop-fadeInUp layout-boxed align-stretch\"><div class=\"guten-container guten-column-gap-no\"><\/div><\/section><\/div>\n<\/div><\/div>\n<\/div><\/section><\/div>\n\n\n\n<div class=\"section-wrapper\" data-id=\"tZeRCh\"><section class=\"wp-block-gutenverse-section guten-element guten-section guten-tZeRCh layout-boxed align-stretch\"><div class=\"guten-container guten-column-gap-no\">\n<div class=\"wp-block-gutenverse-column guten-element guten-column guten-KbzO3H\"><div class=\"guten-column-wrapper\" data-id=\"KbzO3H\">\n<h6 class=\"wp-block-gutenverse-heading guten-element guten-yt0JFG animated guten-element-hide desktop-fadeInUp\"><strong>Sikre dine rettigheder ved boligk\u00f8b<\/strong><\/h6>\n\n\n\n<div class=\"guten-element gutenverse-text-editor guten-DFONDN animated guten-element-hide desktop-fadeInUp\"><div class=\"text-content-inner\">\n<p>At underskrive en k\u00f8bsaftale er et afg\u00f8rende skridt i boligk\u00f8bsprocessen, og det er vigtigt, at alt er korrekt fra starten. En k\u00f8bsaftale fastl\u00e6gger betingelserne for salget, og sk\u00f8det dokumenterer ejerskabet af din nye bolig. Uden den rette juridiske r\u00e5dgivning kan du risikere at overse v\u00e6sentlige detaljer, der kan p\u00e5virke dine rettigheder og forpligtelser. Med min hj\u00e6lp f\u00e5r du ro i sindet, mens vi navigerer gennem de juridiske detaljer, s\u00e5 du kan fokusere p\u00e5 at finde dit dr\u00f8mmehjem.<\/p>\n<\/div><\/div>\n\n\n\n<div class=\"wp-block-gutenverse-divider guten-element guten-divider guten-IEjLw1 animated guten-element-hide desktop-fadeInUp\"><div class=\"guten-divider-wrapper\"><div class=\"guten-divider-default guten-divider-line guten-divider-regular\"><\/div><\/div><\/div>\n<\/div><\/div>\n<\/div><\/section><\/div>\n\n\n\n<div class=\"section-wrapper\" data-id=\"RBhphY\"><section class=\"wp-block-gutenverse-section guten-element guten-section guten-RBhphY layout-fullwidth align-stretch\"><div class=\"guten-container guten-column-gap-no\">\n<div class=\"wp-block-gutenverse-column guten-element guten-column guten-dsJN5g animated guten-element-hide desktop-fadeInUp\"><div class=\"guten-column-wrapper\" data-id=\"dsJN5g\">\n<div class=\"guten-element guten-WmWWNP guten-icon-box icon-position-undefined\"><div class=\"guten-icon-box-wrapper hover-from-left\"><div class=\"icon-box icon-box-header\"><div class=\"icon style-color\"><i class=\"gtn gtn-check-circle-line\"><\/i><\/div><\/div><div class=\"icon-box icon-box-body\"><h2 class=\"title\">Klare betingelser<\/h2><p class=\"icon-box-description\">En pr\u00e6cist formuleret k\u00f8bsaftale sikrer, at alle vilk\u00e5r for handlen er tydelige, hvilket beskytter dine interesser.<\/p><\/div><\/div><\/div>\n<\/div><\/div>\n\n\n\n<div class=\"wp-block-gutenverse-column guten-element guten-column guten-nUmYDQ animated guten-element-hide desktop-fadeInUp\"><div class=\"guten-column-wrapper\" data-id=\"nUmYDQ\">\n<div class=\"guten-element guten-cSXQRO guten-icon-box icon-position-undefined\"><div class=\"guten-icon-box-wrapper hover-from-left\"><div class=\"icon-box icon-box-header\"><div class=\"icon style-color\"><i class=\"gtn gtn-check-circle-line\"><\/i><\/div><\/div><div class=\"icon-box icon-box-body\"><h2 class=\"title\"><strong>Tryghed i handlen<\/strong><\/h2><p class=\"icon-box-description\">Med professionel juridisk r\u00e5dgivning undg\u00e5r du risici og f\u00e5r styr p\u00e5 alle aspekter af k\u00f8bsprocessen.<\/p><\/div><\/div><\/div>\n<\/div><\/div>\n\n\n\n<div class=\"wp-block-gutenverse-column guten-element guten-column guten-GDs4bm animated guten-element-hide desktop-fadeInUp\"><div class=\"guten-column-wrapper\" data-id=\"GDs4bm\">\n<div class=\"guten-element guten-suV8Qh guten-icon-box icon-position-undefined\"><div class=\"guten-icon-box-wrapper hover-from-left\"><div class=\"icon-box icon-box-header\"><div class=\"icon style-color\"><i class=\"gtn gtn-check-circle-line\"><\/i><\/div><\/div><div class=\"icon-box icon-box-body\"><h2 class=\"title\">Beskyttelse af dine rettigheder<\/h2><p class=\"icon-box-description\">Jeg sikrer, at dine ejendomsm\u00e6ssige rettigheder er beskyttet, s\u00e5 du kan handle med ro i sindet.<\/p><\/div><\/div><\/div>\n<\/div><\/div>\n\n\n\n<div class=\"wp-block-gutenverse-column guten-element guten-column guten-Uccfk7 animated guten-element-hide desktop-fadeInUp\"><div class=\"guten-column-wrapper\" data-id=\"Uccfk7\">\n<div class=\"guten-element guten-4A6LjT guten-icon-box icon-position-undefined\"><div class=\"guten-icon-box-wrapper hover-from-left\"><div class=\"icon-box icon-box-header\"><div class=\"icon style-color\"><i class=\"gtn gtn-check-circle-line\"><\/i><\/div><\/div><div class=\"icon-box icon-box-body\"><h2 class=\"title\"><strong>Korrekt tinglysning<\/strong><\/h2><p class=\"icon-box-description\">Jeg hj\u00e6lper med at sikre, at sk\u00f8det bliver tinglyst korrekt, s\u00e5 ejerskabet bliver officielt anerkendt.<\/p><\/div><\/div><\/div>\n<\/div><\/div>\n<\/div><\/section><\/div>\n\n\n\n<div class=\"section-wrapper\" data-id=\"SOrDlV\"><section class=\"wp-block-gutenverse-section guten-element guten-section guten-SOrDlV layout-boxed align-stretch\"><div class=\"guten-container guten-column-gap-no\">\n<div class=\"wp-block-gutenverse-column guten-element guten-column guten-49inkG\"><div class=\"guten-column-wrapper\" data-id=\"49inkG\">\n<h2 class=\"wp-block-gutenverse-heading guten-element guten-Z9rfdt animated guten-element-hide desktop-fadeInLeft\">Hvordan kan jeg hj\u00e6lpe?<\/h2>\n\n\n\n<div class=\"guten-element gutenverse-text-editor guten-ds7jZ7 animated guten-element-hide desktop-fadeInLeft\"><div class=\"text-content-inner\">\n<p>Jeg hj\u00e6lper dig med at udarbejde en k\u00f8bsaftale og sk\u00f8de, der pr\u00e6cist afspejler dine behov og sikrer, at alle juridiske krav er opfyldt. Sammen gennemg\u00e5r vi dine \u00f8nsker og foruds\u00e6tninger, s\u00e5 du kan handle trygt.<\/p>\n<\/div><\/div>\n\n\n\n<div class=\"guten-element guten-button-wrapper guten-VneMQi\"><a class=\"guten-button animated guten-element-hide desktop-fadeInLeft guten-button-sm\" href=\"https:\/\/hinnerupjuristen.dk\/?page_id=12\"><span>Kontakt mig her<\/span><\/a><\/div>\n<\/div><\/div>\n\n\n\n<div class=\"wp-block-gutenverse-column guten-element guten-column guten-Fr5BLO\"><div class=\"guten-column-wrapper\" data-id=\"Fr5BLO\">\n<div class=\"wp-block-gutenverse-image guten-element guten-image guten-2fh2W6 animated guten-element-hide desktop-fadeInDown hide-mobile\"><div class=\"guten-image-wrapper\"><img decoding=\"async\" class=\"gutenverse-image-box-filled\" src=\"https:\/\/hinnerupjuristen.dk\/wp-content\/uploads\/2024\/08\/line.webp\" height=\"1042\" width=\"9\"\/><\/div><\/div>\n\n\n\n<div class=\"wp-block-gutenverse-image guten-element guten-image guten-aAQNCP animated guten-element-hide desktop-fadeInDown hide-mobile\"><div class=\"guten-image-wrapper\"><img decoding=\"async\" class=\"gutenverse-image-box-filled\" src=\"https:\/\/hinnerupjuristen.dk\/wp-content\/uploads\/2024\/08\/line.webp\" height=\"1042\" width=\"9\"\/><\/div><\/div>\n\n\n\n<div class=\"guten-element guten-DNAlnj animated guten-element-hide desktop-fadeInDown guten-icon-box icon-position-left\"><div class=\"guten-icon-box-wrapper hover-from-left\"><div class=\"icon-box icon-box-header\"><div class=\"icon style-color\"><i class=\"gtn gtn-customer-service-light\"><\/i><\/div><\/div><div class=\"icon-box icon-box-body\"><h3 class=\"title\">Indledende konsultation<\/h3><p class=\"icon-box-description\">Vi taler om dine \u00f8nsker og behov i forbindelse med boligk\u00f8bet og gennemg\u00e5r dine muligheder.<\/p><\/div><\/div><\/div>\n\n\n\n<div class=\"guten-element guten-J7XtKz animated guten-element-hide desktop-fadeInDown guten-icon-box icon-position-left\"><div class=\"guten-icon-box-wrapper hover-from-left\"><div class=\"icon-box icon-box-header\"><div class=\"icon style-color\"><i class=\"gtn gtn-agenda-light\"><\/i><\/div><\/div><div class=\"icon-box icon-box-body\"><h3 class=\"title\">Udarbejdelse af k\u00f8bsaftale<\/h3><p class=\"icon-box-description\">Jeg sikrer, at k\u00f8bsaftalen er formuleret korrekt, s\u00e5 dine rettigheder og forpligtelser er tydelige.<\/p><\/div><\/div><\/div>\n\n\n\n<div class=\"guten-element guten-Jb1J1h animated guten-element-hide desktop-fadeInDown guten-icon-box icon-position-left\"><div class=\"guten-icon-box-wrapper hover-from-left\"><div class=\"icon-box icon-box-header\"><div class=\"icon style-color\"><i class=\"gtn gtn-Document-Search-light\"><\/i><\/div><\/div><div class=\"icon-box icon-box-body\"><h3 class=\"title\">Udkast og gennemgang<\/h3><p class=\"icon-box-description\">Du f\u00e5r et udkast til k\u00f8bsaftalen, som vi gennemg\u00e5r sammen, s\u00e5 alt er, som det skal v\u00e6re.<\/p><\/div><\/div><\/div>\n\n\n\n<div class=\"guten-element guten-fFk05b animated guten-element-hide desktop-fadeInDown guten-icon-box icon-position-left\"><div class=\"guten-icon-box-wrapper hover-from-left\"><div class=\"icon-box icon-box-header\"><div class=\"icon style-color\"><i class=\"gtn gtn-signature-solid\"><\/i><\/div><\/div><div class=\"icon-box icon-box-body\"><h3 class=\"title\">Underskrivelse og tinglysning<\/h3><p class=\"icon-box-description\">N\u00e5r k\u00f8bsaftalen er godkendt, hj\u00e6lper jeg med den formelle underskrift og tinglysning af sk\u00f8det.<\/p><\/div><\/div><\/div>\n<\/div><\/div>\n<\/div><\/section><\/div>\n\n\n\n<div class=\"section-wrapper\" data-id=\"1gGIcr\"><section class=\"wp-block-gutenverse-section guten-element guten-section guten-1gGIcr layout-boxed align-stretch\"><div class=\"guten-container guten-column-gap-no\">\n<div class=\"wp-block-gutenverse-column guten-element guten-column guten-rCthVg\"><div class=\"guten-column-wrapper\" data-id=\"rCthVg\">\n<h2 class=\"wp-block-gutenverse-heading guten-element guten-iQ5RUx animated guten-element-hide slow desktop-fadeInLeft\"><strong>Priser<\/strong><\/h2>\n\n\n\n<h2 class=\"wp-block-gutenverse-heading guten-element guten-4QytlK\">Hvad koster det?<\/h2>\n\n\n\n<div class=\"guten-element gutenverse-text-editor guten-0gflXP\"><div class=\"text-content-inner\">\n<p>At f\u00e5 udarbejdet en k\u00f8bsaftale eller sk\u00f8de er en vigtig investering i din fremtidige ejendomsejerskab. Det handler om at sikre, at dine ejendomshandler forl\u00f8ber glat og uden komplikationer. F\u00e5 en skr\u00e6ddersyet l\u00f8sning, der im\u00f8dekommer dit specifikke behov. Prisen er gennemsigtig, s\u00e5 du ved pr\u00e6cis, hvad du f\u00e5r, n\u00e5r du v\u00e6lger at samarbejde med mig.<\/p>\n<\/div><\/div>\n\n\n\n<div class=\"guten-element guten-button-wrapper guten-De6nhE\"><a class=\"guten-button animated guten-element-hide desktop-fadeInLeft guten-button-sm\" href=\"https:\/\/hinnerupjuristen.dk\/?page_id=12\"><span>Kontakt mig her<\/span><\/a><\/div>\n<\/div><\/div>\n\n\n\n<div class=\"wp-block-gutenverse-column guten-element guten-column guten-J2jfZ2 animated guten-element-hide slow desktop-fadeInUp\"><div class=\"guten-column-wrapper\" data-id=\"J2jfZ2\">\n<h3 class=\"wp-block-gutenverse-heading guten-element guten-BWNSbW\"><strong>K\u00f8bsaftale og sk\u00f8de<\/strong><\/h3>\n\n\n\n<div class=\"guten-element guten-icon-list guten-bSSeqs\">\n<div class=\"guten-element guten-icon-list-item guten-NRAbpd\"><a id=\"guten-NRAbpd\"><i class=\"fas fa-check\"><\/i><span class=\"list-text \"><strong>Indledende m\u00f8de<\/strong><br>Afd\u00e6kning af dine behov og \u00f8nsker<\/span><\/a><\/div>\n\n\n\n<div class=\"guten-element guten-icon-list-item guten-OQCYPT\"><a id=\"guten-OQCYPT\"><i class=\"fas fa-check\"><\/i><span class=\"list-text \"><strong>Skr\u00e6ddersyede dokumenter<\/strong><br>Specialiseret k\u00f8bsaftale, der matcher din situation<\/span><\/a><\/div>\n\n\n\n<div class=\"guten-element guten-icon-list-item guten-SQ16QL\"><a id=\"guten-SQ16QL\"><i class=\"fas fa-check\"><\/i><span class=\"list-text \"><strong>Juridisk kvalitetssikring<\/strong><br>Gennemgang af dokumenter for at undg\u00e5 fejl<\/span><\/a><\/div>\n\n\n\n<div class=\"guten-element guten-icon-list-item guten-Q8ysli\"><a id=\"guten-Q8ysli\"><i class=\"fas fa-check\"><\/i><span class=\"list-text \"><strong>R\u00e5d om tinglysning<\/strong><br>Sikring af korrekt registrering af ejerskab<\/span><\/a><\/div>\n<\/div>\n\n\n\n<div class=\"guten-element gutenverse-text-editor guten-VXv6Li\"><div class=\"text-content-inner\">\n<p class=\"has-text-color has-link-color has-extra-large-font-size wp-elements-87c736442c71e0123cc2ecb053b0841b\" style=\"color:#19182f\">XxX<\/p>\n<\/div><\/div>\n\n\n\n<div class=\"guten-element gutenverse-text-editor guten-HlrnQf\"><div class=\"text-content-inner\">\n<p>Dkk. inkl. moms<\/p>\n<\/div><\/div>\n<\/div><\/div>\n<\/div><\/section><\/div>\n\n\n\n<div class=\"section-wrapper\" data-id=\"YHzNpD\"><section class=\"wp-block-gutenverse-section guten-element guten-section guten-YHzNpD hide-desktop hide-tablet hide-mobile layout-boxed align-stretch\"><div class=\"guten-container guten-column-gap-no\">\n<div class=\"wp-block-gutenverse-column guten-element guten-column guten-8lAHDh\"><div class=\"guten-column-wrapper\" data-id=\"8lAHDh\">\n<div class=\"section-wrapper\" data-id=\"34Ghnb\"><section class=\"wp-block-gutenverse-section guten-element guten-section guten-34Ghnb layout-fullwidth align-stretch\"><div class=\"guten-container guten-column-gap-no\">\n<div class=\"wp-block-gutenverse-column guten-element guten-column guten-rurxUU\"><div class=\"guten-column-wrapper\" data-id=\"rurxUU\">\n<h2 class=\"wp-block-gutenverse-heading guten-element guten-LoJ4UT animated guten-element-hide desktop-fadeInUp\"><\/h2>\n\n\n\n<div class=\"section-wrapper\" data-id=\"CxZf7g\"><section class=\"wp-block-gutenverse-section guten-element guten-section guten-CxZf7g animated guten-element-hide desktop-fadeInUp layout-fullwidth align-stretch overflow-auto\"><div class=\"guten-background-overlay\"><\/div><div class=\"guten-container guten-column-gap-default\">\n<div class=\"wp-block-gutenverse-column guten-element guten-column guten-JQ9Xdd\"><div class=\"guten-column-wrapper\" data-id=\"JQ9Xdd\"><\/div><\/div>\n<\/div><\/section><\/div>\n<\/div><\/div>\n<\/div><\/section><\/div>\n<\/div><\/div>\n<\/div><\/section><\/div>\n","protected":false},"excerpt":{"rendered":"","protected":false},"author":1,"featured_media":0,"parent":0,"menu_order":0,"comment_status":"closed","ping_status":"closed","template":"","meta":{"footnotes":""},"class_list":["post-1565","page","type-page","status-publish","hentry"],"_links":{"self":[{"href":"https:\/\/hinnerupjuristen.dk\/index.php?rest_route=\/wp\/v2\/pages\/1565","targetHints":{"allow":["GET"]}}],"collection":[{"href":"https:\/\/hinnerupjuristen.dk\/index.php?rest_route=\/wp\/v2\/pages"}],"about":[{"href":"https:\/\/hinnerupjuristen.dk\/index.php?rest_route=\/wp\/v2\/types\/page"}],"author":[{"embeddable":true,"href":"https:\/\/hinnerupjuristen.dk\/index.php?rest_route=\/wp\/v2\/users\/1"}],"replies":[{"embeddable":true,"href":"https:\/\/hinnerupjuristen.dk\/index.php?rest_route=%2Fwp%2Fv2%2Fcomments&post=1565"}],"version-history":[{"count":62,"href":"https:\/\/hinnerupjuristen.dk\/index.php?rest_route=\/wp\/v2\/pages\/1565\/revisions"}],"predecessor-version":[{"id":1702,"href":"https:\/\/hinnerupjuristen.dk\/index.php?rest_route=\/wp\/v2\/pages\/1565\/revisions\/1702"}],"wp:attachment":[{"href":"https:\/\/hinnerupjuristen.dk\/index.php?rest_route=%2Fwp%2Fv2%2Fmedia&parent=1565"}],"curies":[{"name":"wp","href":"https:\/\/api.w.org\/{rel}","templated":true}]}}