{"id":1397,"date":"2024-08-16T12:13:27","date_gmt":"2024-08-16T12:13:27","guid":{"rendered":"https:\/\/hinnerupjuristen.dk\/?page_id=1397"},"modified":"2024-10-08T11:10:30","modified_gmt":"2024-10-08T11:10:30","slug":"ydelse-testamente","status":"publish","type":"page","link":"https:\/\/hinnerupjuristen.dk\/?page_id=1397","title":{"rendered":"Ydelse &#8211; Testamente"},"content":{"rendered":"\n<p><\/p>\n\n\n\n<div class=\"section-wrapper\" data-id=\"STbPTI\"><section class=\"wp-block-gutenverse-section guten-element guten-section guten-STbPTI layout-boxed align-stretch\"><div class=\"guten-container guten-column-gap-no\">\n<div class=\"wp-block-gutenverse-column guten-element guten-column guten-VVjpbv\"><div class=\"guten-column-wrapper\" data-id=\"VVjpbv\">\n<div class=\"section-wrapper\" data-id=\"qcjviw\"><section class=\"wp-block-gutenverse-section guten-element guten-section guten-qcjviw animated guten-element-hide desktop-fadeInUp layout-boxed align-stretch\"><div class=\"guten-container guten-column-gap-no\">\n<div class=\"wp-block-gutenverse-column guten-element guten-column guten-bYsQ3G\"><div class=\"guten-column-wrapper\" data-id=\"bYsQ3G\"><\/div><\/div>\n<\/div><\/section><\/div>\n\n\n\n<div class=\"section-wrapper\" data-id=\"NY1qOv\"><section class=\"wp-block-gutenverse-section guten-element guten-section guten-NY1qOv animated guten-element-hide slow desktop-fadeInUp layout-boxed align-stretch\"><div class=\"guten-video-background\" data-property=\"{&quot;url&quot;:&quot;https:\/\/youtu.be\/N7Puga0viSs&quot;,&quot;class&quot;:&quot;guten-video-bg-wrapper show-phone&quot;,&quot;width&quot;:&quot;100%&quot;,&quot;height&quot;:&quot;100%&quot;,&quot;playing&quot;:true,&quot;muted&quot;:true,&quot;loop&quot;:true,&quot;playsinline&quot;:true,&quot;style&quot;:{&quot;zIndex&quot;:0,&quot;top&quot;:0,&quot;left&quot;:0,&quot;position&quot;:&quot;absolute&quot;,&quot;overflow&quot;:&quot;hidden&quot;,&quot;pointerEvents&quot;:&quot;none&quot;},&quot;config&quot;:{&quot;youtube&quot;:{&quot;playerVars&quot;:{&quot;showinfo&quot;:0,&quot;start&quot;:0,&quot;end&quot;:0}}}}\"><\/div><div class=\"guten-container guten-column-gap-no\">\n<div class=\"wp-block-gutenverse-column guten-element guten-column guten-l5r5De\"><div class=\"guten-column-wrapper\" data-id=\"l5r5De\"><\/div><\/div>\n<\/div><\/section><\/div>\n<\/div><\/div>\n<\/div><\/section><\/div>\n\n\n\n<div class=\"section-wrapper\" data-id=\"tZeRCh\"><section class=\"wp-block-gutenverse-section guten-element guten-section guten-tZeRCh layout-boxed align-stretch\"><div class=\"guten-container guten-column-gap-no\">\n<div class=\"wp-block-gutenverse-column guten-element guten-column guten-KbzO3H\"><div class=\"guten-column-wrapper\" data-id=\"KbzO3H\">\n<h6 class=\"wp-block-gutenverse-heading guten-element guten-yt0JFG animated guten-element-hide desktop-fadeInUp\"><strong>Sikre dine sidste \u00f8nsker med et testamente<\/strong><\/h6>\n\n\n\n<div class=\"guten-element gutenverse-text-editor guten-DFONDN animated guten-element-hide desktop-fadeInUp\"><div class=\"text-content-inner\">\n<p>At oprette et testamente er en vigtig handling for at sikre, at dine \u00f8nsker bliver respekteret, n\u00e5r du ikke l\u00e6ngere er her. Uden et testamente bestemmer arveloven, hvordan dine v\u00e6rdier fordeles \u2013 og det er ikke altid i overensstemmelse med dine \u00f8nsker. Med et testamente kan du selv v\u00e6lge, hvordan din arv skal fordeles blandt familie, venner eller velg\u00f8rende form\u00e5l, og undg\u00e5 konflikter mellem arvinger.<\/p>\n<\/div><\/div>\n\n\n\n<div class=\"wp-block-gutenverse-divider guten-element guten-divider guten-IEjLw1 animated guten-element-hide desktop-fadeInUp\"><div class=\"guten-divider-wrapper\"><div class=\"guten-divider-default guten-divider-line guten-divider-regular\"><\/div><\/div><\/div>\n<\/div><\/div>\n<\/div><\/section><\/div>\n\n\n\n<div class=\"section-wrapper\" data-id=\"RBhphY\"><section class=\"wp-block-gutenverse-section guten-element guten-section guten-RBhphY layout-fullwidth align-stretch\"><div class=\"guten-container guten-column-gap-no\">\n<div class=\"wp-block-gutenverse-column guten-element guten-column guten-dsJN5g animated guten-element-hide desktop-fadeInUp\"><div class=\"guten-column-wrapper\" data-id=\"dsJN5g\">\n<div class=\"guten-element guten-WmWWNP guten-icon-box icon-position-undefined\"><div class=\"guten-icon-box-wrapper hover-from-left\"><div class=\"icon-box icon-box-header\"><div class=\"icon style-color\"><i class=\"gtn gtn-check-circle-line\"><\/i><\/div><\/div><div class=\"icon-box icon-box-body\"><h2 class=\"title\"><strong>Personlig kontrol<\/strong><\/h2><p class=\"icon-box-description\">Et testamente giver dig mulighed for at bestemme, hvordan dine ejendele og v\u00e6rdier fordeles.<\/p><\/div><\/div><\/div>\n<\/div><\/div>\n\n\n\n<div class=\"wp-block-gutenverse-column guten-element guten-column guten-nUmYDQ animated guten-element-hide desktop-fadeInUp\"><div class=\"guten-column-wrapper\" data-id=\"nUmYDQ\">\n<div class=\"guten-element guten-cSXQRO guten-icon-box icon-position-undefined\"><div class=\"guten-icon-box-wrapper hover-from-left\"><div class=\"icon-box icon-box-header\"><div class=\"icon style-color\"><i class=\"gtn gtn-check-circle-line\"><\/i><\/div><\/div><div class=\"icon-box icon-box-body\"><h2 class=\"title\"><strong>Undg\u00e5 misforst\u00e5elser<\/strong><\/h2><p class=\"icon-box-description\">Et klart testamente kan forebygge uenigheder og retssager blandt dine arvinger.<\/p><\/div><\/div><\/div>\n<\/div><\/div>\n\n\n\n<div class=\"wp-block-gutenverse-column guten-element guten-column guten-GDs4bm animated guten-element-hide desktop-fadeInUp\"><div class=\"guten-column-wrapper\" data-id=\"GDs4bm\">\n<div class=\"guten-element guten-suV8Qh guten-icon-box icon-position-undefined\"><div class=\"guten-icon-box-wrapper hover-from-left\"><div class=\"icon-box icon-box-header\"><div class=\"icon style-color\"><i class=\"gtn gtn-check-circle-line\"><\/i><\/div><\/div><div class=\"icon-box icon-box-body\"><h2 class=\"title\"><strong>S\u00e6rlige hensyn<\/strong><\/h2><p class=\"icon-box-description\">Sikre, at s\u00e6rlige \u00f8nsker som arv til b\u00f8rn fra tidligere \u00e6gteskab eller donationer til velg\u00f8renhed bliver respekteret.<\/p><\/div><\/div><\/div>\n<\/div><\/div>\n\n\n\n<div class=\"wp-block-gutenverse-column guten-element guten-column guten-Uccfk7 animated guten-element-hide desktop-fadeInUp\"><div class=\"guten-column-wrapper\" data-id=\"Uccfk7\">\n<div class=\"guten-element guten-4A6LjT guten-icon-box icon-position-undefined\"><div class=\"guten-icon-box-wrapper hover-from-left\"><div class=\"icon-box icon-box-header\"><div class=\"icon style-color\"><i class=\"gtn gtn-check-circle-line\"><\/i><\/div><\/div><div class=\"icon-box icon-box-body\"><h2 class=\"title\"><strong>F\u00e5 styr p\u00e5<\/strong> <strong>Rettigheder<\/strong><\/h2><p class=\"icon-box-description\">\u00a0Beskyt dine b\u00f8rns og din samlevers rettigheder, hvis du \u00f8nsker at afvige fra arvelovens standardregler.<\/p><\/div><\/div><\/div>\n<\/div><\/div>\n<\/div><\/section><\/div>\n\n\n\n<div class=\"section-wrapper\" data-id=\"SOrDlV\"><section class=\"wp-block-gutenverse-section guten-element guten-section guten-SOrDlV layout-boxed align-stretch\"><div class=\"guten-container guten-column-gap-no\">\n<div class=\"wp-block-gutenverse-column guten-element guten-column guten-49inkG\"><div class=\"guten-column-wrapper\" data-id=\"49inkG\">\n<h2 class=\"wp-block-gutenverse-heading guten-element guten-Z9rfdt animated guten-element-hide desktop-fadeInLeft\">Hvordan kan jeg hj\u00e6lpe?<\/h2>\n\n\n\n<div class=\"guten-element gutenverse-text-editor guten-ds7jZ7 animated guten-element-hide desktop-fadeInLeft\"><div class=\"text-content-inner\">\n<p>Jeg hj\u00e6lper dig med at udarbejde et testamente, der pr\u00e6cist afspejler dine \u00f8nsker. Sammen gennemg\u00e5r vi dine behov og muligheder, og jeg s\u00f8rger for, at testamentet opfylder alle juridiske krav.<\/p>\n<\/div><\/div>\n\n\n\n<div class=\"guten-element guten-button-wrapper guten-VneMQi\"><a class=\"guten-button animated guten-element-hide desktop-fadeInLeft guten-button-sm\" href=\"https:\/\/hinnerupjuristen.dk\/?page_id=12\"><span>Kontakt mig her<\/span><\/a><\/div>\n<\/div><\/div>\n\n\n\n<div class=\"wp-block-gutenverse-column guten-element guten-column guten-Fr5BLO\"><div class=\"guten-column-wrapper\" data-id=\"Fr5BLO\">\n<div class=\"wp-block-gutenverse-image guten-element guten-image guten-2fh2W6 animated guten-element-hide desktop-fadeInDown hide-mobile\"><div class=\"guten-image-wrapper\"><img decoding=\"async\" class=\"gutenverse-image-box-filled\" src=\"https:\/\/hinnerupjuristen.dk\/wp-content\/uploads\/2024\/08\/line.webp\" height=\"1042\" width=\"9\"\/><\/div><\/div>\n\n\n\n<div class=\"wp-block-gutenverse-image guten-element guten-image guten-aAQNCP animated guten-element-hide desktop-fadeInDown hide-mobile\"><div class=\"guten-image-wrapper\"><img decoding=\"async\" class=\"gutenverse-image-box-filled\" src=\"https:\/\/hinnerupjuristen.dk\/wp-content\/uploads\/2024\/08\/line.webp\" height=\"1042\" width=\"9\"\/><\/div><\/div>\n\n\n\n<div class=\"guten-element guten-DNAlnj animated guten-element-hide desktop-fadeInDown guten-icon-box icon-position-left\"><div class=\"guten-icon-box-wrapper hover-from-left\"><div class=\"icon-box icon-box-header\"><div class=\"icon style-color\"><i class=\"gtn gtn-customer-service-light\"><\/i><\/div><\/div><div class=\"icon-box icon-box-body\"><h3 class=\"title\"><strong>Indledende konsultation<\/strong><\/h3><p class=\"icon-box-description\">Vi taler om dine \u00f8nsker og behov og gennemg\u00e5r din personlige og \u00f8konomiske situation.<\/p><\/div><\/div><\/div>\n\n\n\n<div class=\"guten-element guten-J7XtKz animated guten-element-hide desktop-fadeInDown guten-icon-box icon-position-left\"><div class=\"guten-icon-box-wrapper hover-from-left\"><div class=\"icon-box icon-box-header\"><div class=\"icon style-color\"><i class=\"gtn gtn-agenda-light\"><\/i><\/div><\/div><div class=\"icon-box icon-box-body\"><h3 class=\"title\"><strong>Udarbejdelse af testamente<\/strong><\/h3><p class=\"icon-box-description\">Jeg sikrer, dit testamente er formuleret, s\u00e5 det afspejler dine \u00f8nsker, at det opfylder alle lovkrav og er tilpasset til din personlige situation.<\/p><\/div><\/div><\/div>\n\n\n\n<div class=\"guten-element guten-Jb1J1h animated guten-element-hide desktop-fadeInDown guten-icon-box icon-position-left\"><div class=\"guten-icon-box-wrapper hover-from-left\"><div class=\"icon-box icon-box-header\"><div class=\"icon style-color\"><i class=\"gtn gtn-Document-Search-light\"><\/i><\/div><\/div><div class=\"icon-box icon-box-body\"><h3 class=\"title\"><strong>Udkast og gennemgang<\/strong><\/h3><p class=\"icon-box-description\">Jeg udarbejder et udkast, som vi gennemg\u00e5r sammen og tilpasser efter behov.<\/p><\/div><\/div><\/div>\n\n\n\n<div class=\"guten-element guten-fFk05b animated guten-element-hide desktop-fadeInDown guten-icon-box icon-position-left\"><div class=\"guten-icon-box-wrapper hover-from-left\"><div class=\"icon-box icon-box-header\"><div class=\"icon style-color\"><i class=\"gtn gtn-signature-solid\"><\/i><\/div><\/div><div class=\"icon-box icon-box-body\"><h3 class=\"title\"><strong>Underskrivelse og tinglysning<\/strong><\/h3><p class=\"icon-box-description\">N\u00e5r testamentet er klar, underskrives det formelt, og vi sikrer, at det opbevares sikkert.<\/p><\/div><\/div><\/div>\n<\/div><\/div>\n<\/div><\/section><\/div>\n\n\n\n<div class=\"section-wrapper\" data-id=\"1gGIcr\"><section class=\"wp-block-gutenverse-section guten-element guten-section guten-1gGIcr layout-boxed align-stretch\"><div class=\"guten-container guten-column-gap-no\">\n<div class=\"wp-block-gutenverse-column guten-element guten-column guten-rCthVg\"><div class=\"guten-column-wrapper\" data-id=\"rCthVg\">\n<h2 class=\"wp-block-gutenverse-heading guten-element guten-iQ5RUx animated guten-element-hide slow desktop-fadeInLeft\"><strong>Priser<\/strong><\/h2>\n\n\n\n<h2 class=\"wp-block-gutenverse-heading guten-element guten-4QytlK\">Hvad koster det?<\/h2>\n\n\n\n<div class=\"guten-element gutenverse-text-editor guten-0gflXP\"><div class=\"text-content-inner\">\n<p>Et testamente er din m\u00e5de at tage kontrol over din arv og sikre, at det, du v\u00e6rds\u00e6tter, g\u00e5r til de rette personer. Det skal v\u00e6re en ligetil proces, hvor du f\u00f8ler dig tryg i valgene. Jeg s\u00f8rger for, at du f\u00e5r en personlig og professionel l\u00f8sning, der afspejler dine \u00f8nsker. Og med en klar prisstruktur ved du, hvad du kan forvente, n\u00e5r du v\u00e6lger at tage denne vigtige skridt sammen med mig.<\/p>\n<\/div><\/div>\n\n\n\n<div class=\"guten-element guten-button-wrapper guten-De6nhE\"><a class=\"guten-button animated guten-element-hide desktop-fadeInLeft guten-button-sm\" href=\"https:\/\/hinnerupjuristen.dk\/?page_id=12\"><span>Kontakt mig her<\/span><\/a><\/div>\n<\/div><\/div>\n\n\n\n<div class=\"wp-block-gutenverse-column guten-element guten-column guten-J2jfZ2 animated guten-element-hide slow desktop-fadeInUp\"><div class=\"guten-column-wrapper\" data-id=\"J2jfZ2\">\n<h3 class=\"wp-block-gutenverse-heading guten-element guten-BWNSbW\"><strong>Testamente<\/strong><\/h3>\n\n\n\n<div class=\"guten-element guten-icon-list guten-bSSeqs\">\n<div class=\"guten-element guten-icon-list-item guten-NRAbpd\"><a id=\"guten-NRAbpd\"><i class=\"fas fa-check\"><\/i><span class=\"list-text \"><strong>Personlig konsultation<\/strong><br>for at afd\u00e6kke dine \u00f8nsker<\/span><\/a><\/div>\n\n\n\n<div class=\"guten-element guten-icon-list-item guten-OQCYPT\"><a id=\"guten-OQCYPT\"><i class=\"fas fa-check\"><\/i><span class=\"list-text \"><strong>Skr\u00e6ddersyet testamente<\/strong><br>der opfylder dine behov<\/span><\/a><\/div>\n\n\n\n<div class=\"guten-element guten-icon-list-item guten-SQ16QL\"><a id=\"guten-SQ16QL\"><i class=\"fas fa-check\"><\/i><span class=\"list-text \"><strong>Juridisk sikring<\/strong><br>af, at alt er korrekt<\/span><\/a><\/div>\n\n\n\n<div class=\"guten-element guten-icon-list-item guten-Q8ysli\"><a id=\"guten-Q8ysli\"><i class=\"fas fa-check\"><\/i><span class=\"list-text \"><strong>R\u00e5d om sikker opbevaring<\/strong><br>af dit testamente<\/span><\/a><\/div>\n<\/div>\n\n\n\n<div class=\"guten-element gutenverse-text-editor guten-VXv6Li\"><div class=\"text-content-inner\">\n<p class=\"has-text-color has-link-color has-extra-large-font-size wp-elements-43c37fdacc24e4e4279b38152785be02\" style=\"color:#19182f\">5.000<\/p>\n<\/div><\/div>\n\n\n\n<div class=\"guten-element gutenverse-text-editor guten-HlrnQf\"><div class=\"text-content-inner\">\n<p>Dkk. inkl. moms<\/p>\n<\/div><\/div>\n<\/div><\/div>\n<\/div><\/section><\/div>\n\n\n\n<div class=\"section-wrapper\" data-id=\"YHzNpD\"><section class=\"wp-block-gutenverse-section guten-element guten-section guten-YHzNpD layout-boxed align-stretch\"><div class=\"guten-container guten-column-gap-no\">\n<div class=\"wp-block-gutenverse-column guten-element guten-column guten-8lAHDh\"><div class=\"guten-column-wrapper\" data-id=\"8lAHDh\">\n<div class=\"section-wrapper\" data-id=\"34Ghnb\"><section class=\"wp-block-gutenverse-section guten-element guten-section guten-34Ghnb hide-desktop hide-tablet hide-mobile layout-boxed align-stretch\"><div class=\"guten-container guten-column-gap-no\">\n<div class=\"wp-block-gutenverse-column guten-element guten-column guten-rurxUU\"><div class=\"guten-column-wrapper\" data-id=\"rurxUU\">\n<h2 class=\"wp-block-gutenverse-heading guten-element guten-LoJ4UT animated guten-element-hide desktop-fadeInUp\"><\/h2>\n\n\n\n<div class=\"section-wrapper\" data-id=\"CxZf7g\"><section class=\"wp-block-gutenverse-section guten-element guten-section guten-CxZf7g animated guten-element-hide desktop-fadeInUp layout-fullwidth align-stretch\"><div class=\"guten-video-background\" data-property=\"{&quot;url&quot;:&quot;https:\/\/youtu.be\/N7Puga0viSs&quot;,&quot;class&quot;:&quot;guten-video-bg-wrapper show-phone&quot;,&quot;width&quot;:&quot;100%&quot;,&quot;height&quot;:&quot;100%&quot;,&quot;playing&quot;:true,&quot;muted&quot;:true,&quot;loop&quot;:true,&quot;playsinline&quot;:true,&quot;style&quot;:{&quot;zIndex&quot;:0,&quot;top&quot;:0,&quot;left&quot;:0,&quot;position&quot;:&quot;absolute&quot;,&quot;overflow&quot;:&quot;hidden&quot;,&quot;pointerEvents&quot;:&quot;none&quot;},&quot;config&quot;:{&quot;youtube&quot;:{&quot;playerVars&quot;:{&quot;showinfo&quot;:0,&quot;start&quot;:0,&quot;end&quot;:0}}}}\"><\/div><div class=\"guten-background-overlay\"><\/div><div class=\"guten-container guten-column-gap-default\">\n<div class=\"wp-block-gutenverse-column guten-element guten-column guten-JQ9Xdd\"><div class=\"guten-column-wrapper\" data-id=\"JQ9Xdd\"><\/div><\/div>\n<\/div><\/section><\/div>\n<\/div><\/div>\n<\/div><\/section><\/div>\n<\/div><\/div>\n<\/div><\/section><\/div>\n\n\n\n<div class=\"section-wrapper\" data-id=\"8kbaD8\"><section class=\"wp-block-gutenverse-section guten-element guten-section guten-8kbaD8 hide-desktop hide-tablet hide-mobile layout-fullwidth align-stretch\"><div class=\"guten-video-background\" data-property=\"{&quot;url&quot;:&quot;https:\/\/youtu.be\/N7Puga0viSs&quot;,&quot;class&quot;:&quot;guten-video-bg-wrapper show-phone&quot;,&quot;width&quot;:&quot;100%&quot;,&quot;height&quot;:&quot;100%&quot;,&quot;playing&quot;:true,&quot;muted&quot;:true,&quot;loop&quot;:true,&quot;playsinline&quot;:true,&quot;style&quot;:{&quot;zIndex&quot;:0,&quot;top&quot;:0,&quot;left&quot;:0,&quot;position&quot;:&quot;absolute&quot;,&quot;overflow&quot;:&quot;hidden&quot;,&quot;pointerEvents&quot;:&quot;none&quot;},&quot;config&quot;:{&quot;youtube&quot;:{&quot;playerVars&quot;:{&quot;showinfo&quot;:0,&quot;start&quot;:0,&quot;end&quot;:0}}}}\"><\/div><div class=\"guten-background-overlay\"><\/div><div class=\"guten-container guten-column-gap-default\">\n<div class=\"wp-block-gutenverse-column guten-element guten-column guten-UyWHwF\"><div class=\"guten-column-wrapper\" data-id=\"UyWHwF\"><\/div><\/div>\n<\/div><\/section><\/div>\n","protected":false},"excerpt":{"rendered":"","protected":false},"author":1,"featured_media":0,"parent":0,"menu_order":0,"comment_status":"closed","ping_status":"closed","template":"","meta":{"footnotes":""},"class_list":["post-1397","page","type-page","status-publish","hentry"],"_links":{"self":[{"href":"https:\/\/hinnerupjuristen.dk\/index.php?rest_route=\/wp\/v2\/pages\/1397","targetHints":{"allow":["GET"]}}],"collection":[{"href":"https:\/\/hinnerupjuristen.dk\/index.php?rest_route=\/wp\/v2\/pages"}],"about":[{"href":"https:\/\/hinnerupjuristen.dk\/index.php?rest_route=\/wp\/v2\/types\/page"}],"author":[{"embeddable":true,"href":"https:\/\/hinnerupjuristen.dk\/index.php?rest_route=\/wp\/v2\/users\/1"}],"replies":[{"embeddable":true,"href":"https:\/\/hinnerupjuristen.dk\/index.php?rest_route=%2Fwp%2Fv2%2Fcomments&post=1397"}],"version-history":[{"count":142,"href":"https:\/\/hinnerupjuristen.dk\/index.php?rest_route=\/wp\/v2\/pages\/1397\/revisions"}],"predecessor-version":[{"id":1669,"href":"https:\/\/hinnerupjuristen.dk\/index.php?rest_route=\/wp\/v2\/pages\/1397\/revisions\/1669"}],"wp:attachment":[{"href":"https:\/\/hinnerupjuristen.dk\/index.php?rest_route=%2Fwp%2Fv2%2Fmedia&parent=1397"}],"curies":[{"name":"wp","href":"https:\/\/api.w.org\/{rel}","templated":true}]}}