{"id":136,"date":"2024-06-26T10:18:05","date_gmt":"2024-06-26T10:18:05","guid":{"rendered":"http:\/\/hinnerupjuristen.dk\/?page_id=136"},"modified":"2024-10-08T12:10:13","modified_gmt":"2024-10-08T12:10:13","slug":"raadgivning-til-virksomheder","status":"publish","type":"page","link":"https:\/\/hinnerupjuristen.dk\/?page_id=136","title":{"rendered":"R\u00e5dgivning til virksomheder"},"content":{"rendered":"\n<div class=\"section-wrapper\" data-id=\"STbPTI\"><section class=\"wp-block-gutenverse-section guten-element guten-section guten-STbPTI layout-boxed align-stretch\"><div class=\"guten-container guten-column-gap-no\">\n<div class=\"wp-block-gutenverse-column guten-element guten-column guten-VVjpbv\"><div class=\"guten-column-wrapper\" data-id=\"VVjpbv\">\n<div class=\"section-wrapper\" data-id=\"qcjviw\"><section class=\"wp-block-gutenverse-section guten-element guten-section guten-qcjviw animated guten-element-hide desktop-fadeInUp layout-boxed align-stretch\"><div class=\"guten-container guten-column-gap-no\">\n<div class=\"wp-block-gutenverse-column guten-element guten-column guten-bYsQ3G\"><div class=\"guten-column-wrapper\" data-id=\"bYsQ3G\"><\/div><\/div>\n<\/div><\/section><\/div>\n\n\n\n<div class=\"section-wrapper\" data-id=\"NY1qOv\"><section class=\"wp-block-gutenverse-section guten-element guten-section guten-NY1qOv animated guten-element-hide slow desktop-fadeInUp layout-boxed align-stretch\"><div class=\"guten-container guten-column-gap-no\">\n<div class=\"wp-block-gutenverse-column guten-element guten-column guten-l5r5De\"><div class=\"guten-column-wrapper\" data-id=\"l5r5De\"><\/div><\/div>\n<\/div><\/section><\/div>\n<\/div><\/div>\n<\/div><\/section><\/div>\n\n\n\n<div class=\"section-wrapper\" data-id=\"tZeRCh\"><section class=\"wp-block-gutenverse-section guten-element guten-section guten-tZeRCh layout-boxed align-stretch\"><div class=\"guten-container guten-column-gap-no\">\n<div class=\"wp-block-gutenverse-column guten-element guten-column guten-KbzO3H\"><div class=\"guten-column-wrapper\" data-id=\"KbzO3H\">\n<h6 class=\"wp-block-gutenverse-heading guten-element guten-yt0JFG animated guten-element-hide desktop-fadeInUp\">Juridisk st\u00f8tte til v\u00e6kst og tryghed<\/h6>\n\n\n\n<div class=\"guten-element gutenverse-text-editor guten-DFONDN animated guten-element-hide desktop-fadeInUp\"><div class=\"text-content-inner\">\n<p>Uanset om du driver en nystartet eller etableret virksomhed, er juridisk klarhed afg\u00f8rende for din succes. Jeg tilbyder skr\u00e6ddersyet r\u00e5dgivning, der hj\u00e6lper dig med at navigere komplekse lovgivningsm\u00e6ssige krav og sikre, at din virksomhed er rustet til at h\u00e5ndtere juridiske udfordringer. Fra kontrakter og aftaler til overholdelse af regler og strategisk planl\u00e6gning \u2013 jeg st\u00f8tter din virksomhed med pr\u00e6cise, effektive l\u00f8sninger, s\u00e5 du kan fokusere p\u00e5 v\u00e6kst.<\/p>\n<\/div><\/div>\n\n\n\n<div class=\"wp-block-gutenverse-divider guten-element guten-divider guten-IEjLw1 animated guten-element-hide desktop-fadeInUp\"><div class=\"guten-divider-wrapper\"><div class=\"guten-divider-default guten-divider-line guten-divider-regular\"><\/div><\/div><\/div>\n<\/div><\/div>\n<\/div><\/section><\/div>\n\n\n\n<p><\/p>\n\n\n\n<div class=\"section-wrapper\" data-id=\"ss336B\"><section class=\"wp-block-gutenverse-section guten-element guten-section guten-ss336B layout-boxed align-stretch\"><div class=\"guten-background-overlay\"><\/div><div class=\"guten-container guten-column-gap-no\">\n<div class=\"wp-block-gutenverse-column guten-element guten-column guten-cUroGs\"><div class=\"guten-column-wrapper\" data-id=\"cUroGs\">\n<h2 class=\"wp-block-gutenverse-heading guten-element guten-IaFtof\"><strong>Juridisk R\u00e5dgivning<\/strong><\/h2>\n\n\n\n<h2 class=\"wp-block-gutenverse-heading guten-element guten-sMwWXJ animated guten-element-hide desktop-fadeInUp\">F\u00e5 hj\u00e6lp til disse omr\u00e5der<\/h2>\n\n\n\n<div class=\"guten-element gutenverse-text-editor guten-EMr7h3 animated guten-element-hide desktop-fadeInUp\"><div class=\"text-content-inner\">\n<div class=\"guten-element gutenverse-text-editor guten-zKZZ2N\"><div class=\"text-content-inner\">\n<p>F\u00e5 juridisk r\u00e5dgivning til din virksomhed, fra kontraktudarbejdelse og compliance til strategisk r\u00e5dgivning og tvistl\u00f8sning. Mit m\u00e5l er at beskytte og styrke din virksomhed med pr\u00e6cise og effektive l\u00f8sninger.<\/p>\n<\/div><\/div>\n<\/div><\/div>\n\n\n\n<div class=\"section-wrapper\" data-id=\"181rlr\"><section class=\"wp-block-gutenverse-section guten-element guten-section guten-181rlr layout-boxed align-stretch\"><div class=\"guten-container guten-column-gap-no\">\n<div class=\"wp-block-gutenverse-column guten-element guten-column guten-rqDiaH animated guten-element-hide fast desktop-fadeInUp\"><div class=\"guten-column-wrapper\" data-id=\"rqDiaH\">\n<div class=\"guten-element guten-X0sLcm animated guten-element-hide desktop-fadeInUp guten-icon-box icon-position-left\"><div class=\"guten-icon-box-wrapper hover-from-left\"><div class=\"icon-box icon-box-header\"><div class=\"icon style-color\"><i class=\"gtn gtn-edit1-light\"><\/i><\/div><\/div><div class=\"icon-box icon-box-body\"><h2 class=\"title\">Kontraktgennemgang og udarbejdelse<\/h2><p class=\"icon-box-description\">Jeg gennemg\u00e5r alle relevante kontrakter og sikrer, at de er er juridisk korrekte, s\u00e5 dine aftaler er trygge og veldefinerede.<\/p>\n<div class=\"guten-element guten-button-wrapper guten-WdXW12\"><a class=\"guten-button guten-button-md\" href=\"#\"><span>L\u00e6s mere<\/span><i class=\"fa-lg gtn gtn-search-1-light\"><\/i><\/a><\/div>\n<\/div><\/div><\/div>\n<\/div><\/div>\n\n\n\n<div class=\"wp-block-gutenverse-column guten-element guten-column guten-FPRaUw animated guten-element-hide fast desktop-fadeInUp\"><div class=\"guten-column-wrapper\" data-id=\"FPRaUw\">\n<div class=\"guten-element guten-m5iJA6 animated guten-element-hide desktop-fadeInUp guten-icon-box icon-position-left\"><div class=\"guten-icon-box-wrapper hover-from-left\"><div class=\"icon-box icon-box-header\"><div class=\"icon style-color\"><i class=\"gtn gtn-justice-1-light\"><\/i><\/div><\/div><div class=\"icon-box icon-box-body\"><h2 class=\"title\">Overholdelse af lovgivning<\/h2><p class=\"icon-box-description\">Jeg hj\u00e6lper med at sikre, at din virksomhed overholder alle relevante lovgivningskrav og undg\u00e5r juridiske problemer.<\/p>\n<div class=\"guten-element guten-button-wrapper guten-Oc6kYl\"><a class=\"guten-button guten-button-md\" href=\"#\"><span>L\u00e6s mere<\/span><i class=\"fa-lg gtn gtn-search-1-light\"><\/i><\/a><\/div>\n<\/div><\/div><\/div>\n<\/div><\/div>\n\n\n\n<div class=\"wp-block-gutenverse-column guten-element guten-column guten-LtDB5D animated guten-element-hide fast desktop-fadeInUp\"><div class=\"guten-column-wrapper\" data-id=\"LtDB5D\">\n<div class=\"guten-element guten-PEWHD6 animated guten-element-hide desktop-fadeInUp guten-icon-box icon-position-left\"><div class=\"guten-icon-box-wrapper hover-from-left\"><div class=\"icon-box icon-box-header\"><div class=\"icon style-color\"><i class=\"gtn gtn-file-signature-solid\"><\/i><\/div><\/div><div class=\"icon-box icon-box-body\"><h2 class=\"title\">Virksomhedsstruktur og oprettelse<\/h2><p class=\"icon-box-description\">Jeg r\u00e5dgiver om valg af virksomhedsstruktur og hj\u00e6lper med oprettelsen og registreringen af din virksomhed.<\/p>\n<div class=\"guten-element guten-button-wrapper guten-8IMDwb\"><a class=\"guten-button guten-button-md\" href=\"#\"><span>L\u00e6s mere<\/span><i class=\"fa-lg gtn gtn-search-1-light\"><\/i><\/a><\/div>\n<\/div><\/div><\/div>\n<\/div><\/div>\n<\/div><\/section><\/div>\n\n\n\n<div class=\"section-wrapper\" data-id=\"m70cMD\"><section class=\"wp-block-gutenverse-section guten-element guten-section guten-m70cMD animated guten-element-hide desktop-fadeInUp layout-boxed align-stretch\"><div class=\"guten-container guten-column-gap-no\">\n<div class=\"wp-block-gutenverse-column guten-element guten-column guten-DF4bpv animated guten-element-hide fast desktop-fadeInUp\"><div class=\"guten-column-wrapper\" data-id=\"DF4bpv\">\n<div class=\"guten-element guten-rxfQZh animated guten-element-hide desktop-fadeInUp guten-icon-box icon-position-left\"><div class=\"guten-icon-box-wrapper hover-from-left\"><div class=\"icon-box icon-box-header\"><div class=\"icon style-color\"><i class=\"gtn gtn-comments\"><\/i><\/div><\/div><div class=\"icon-box icon-box-body\"><h2 class=\"title\">Tvistl\u00f8sning og r\u00e5dgivning<\/h2><p class=\"icon-box-description\">St\u00e5r du overfor en juridisk tvist? Jeg assisterer gerne i l\u00f8sningen af juridiske tvister gennem forhandling, m\u00e6gling og andre relevante l\u00f8sninger.<\/p>\n<div class=\"guten-element guten-button-wrapper guten-tWJyEq\"><a class=\"guten-button guten-button-md\" href=\"#\"><span>L\u00e6s mere<\/span><i class=\"fa-lg gtn gtn-search-1-light\"><\/i><\/a><\/div>\n<\/div><\/div><\/div>\n<\/div><\/div>\n\n\n\n<div class=\"wp-block-gutenverse-column guten-element guten-column guten-tKOljV animated guten-element-hide fast desktop-fadeInUp\"><div class=\"guten-column-wrapper\" data-id=\"tKOljV\">\n<div class=\"guten-element guten-qVbjsM animated guten-element-hide desktop-fadeInUp guten-icon-box icon-position-left\"><div class=\"guten-icon-box-wrapper hover-from-left\"><div class=\"icon-box icon-box-header\"><div class=\"icon style-color\"><i class=\"gtn gtn-chalkboard-teacher-solid\"><\/i><\/div><\/div><div class=\"icon-box icon-box-body\"><h2 class=\"title\">Strategisk juridisk r\u00e5dgivning<\/h2><p class=\"icon-box-description\">Jeg leverer strategisk r\u00e5dgivning, der integrerer juridiske overvejelser i din forretningsstrategi og underst\u00f8tter dine forretningsm\u00e5l.<\/p>\n<div class=\"guten-element guten-button-wrapper guten-cZ9Aeo\"><a class=\"guten-button guten-button-md\" href=\"#\"><span>L\u00e6s mere<\/span><i class=\"fa-lg gtn gtn-search-1-light\"><\/i><\/a><\/div>\n<\/div><\/div><\/div>\n<\/div><\/div>\n\n\n\n<div class=\"wp-block-gutenverse-column guten-element guten-column guten-WwYW8N animated guten-element-hide fast desktop-fadeInUp\"><div class=\"guten-column-wrapper\" data-id=\"WwYW8N\"><\/div><\/div>\n<\/div><\/section><\/div>\n<\/div><\/div>\n<\/div><\/section><\/div>\n","protected":false},"excerpt":{"rendered":"","protected":false},"author":1,"featured_media":0,"parent":0,"menu_order":0,"comment_status":"closed","ping_status":"closed","template":"","meta":{"footnotes":""},"class_list":["post-136","page","type-page","status-publish","hentry"],"_links":{"self":[{"href":"https:\/\/hinnerupjuristen.dk\/index.php?rest_route=\/wp\/v2\/pages\/136","targetHints":{"allow":["GET"]}}],"collection":[{"href":"https:\/\/hinnerupjuristen.dk\/index.php?rest_route=\/wp\/v2\/pages"}],"about":[{"href":"https:\/\/hinnerupjuristen.dk\/index.php?rest_route=\/wp\/v2\/types\/page"}],"author":[{"embeddable":true,"href":"https:\/\/hinnerupjuristen.dk\/index.php?rest_route=\/wp\/v2\/users\/1"}],"replies":[{"embeddable":true,"href":"https:\/\/hinnerupjuristen.dk\/index.php?rest_route=%2Fwp%2Fv2%2Fcomments&post=136"}],"version-history":[{"count":36,"href":"https:\/\/hinnerupjuristen.dk\/index.php?rest_route=\/wp\/v2\/pages\/136\/revisions"}],"predecessor-version":[{"id":1716,"href":"https:\/\/hinnerupjuristen.dk\/index.php?rest_route=\/wp\/v2\/pages\/136\/revisions\/1716"}],"wp:attachment":[{"href":"https:\/\/hinnerupjuristen.dk\/index.php?rest_route=%2Fwp%2Fv2%2Fmedia&parent=136"}],"curies":[{"name":"wp","href":"https:\/\/api.w.org\/{rel}","templated":true}]}}