{"id":134,"date":"2024-06-26T10:17:37","date_gmt":"2024-06-26T10:17:37","guid":{"rendered":"http:\/\/hinnerupjuristen.dk\/?page_id=134"},"modified":"2024-10-08T12:10:34","modified_gmt":"2024-10-08T12:10:34","slug":"raadgiver-ved-boligkoeb","status":"publish","type":"page","link":"https:\/\/hinnerupjuristen.dk\/?page_id=134","title":{"rendered":"R\u00e5dgiver ved boligk\u00f8b"},"content":{"rendered":"\n<div class=\"section-wrapper\" data-id=\"STbPTI\"><section class=\"wp-block-gutenverse-section guten-element guten-section guten-STbPTI layout-boxed align-stretch\"><div class=\"guten-container guten-column-gap-no\">\n<div class=\"wp-block-gutenverse-column guten-element guten-column guten-VVjpbv\"><div class=\"guten-column-wrapper\" data-id=\"VVjpbv\">\n<div class=\"section-wrapper\" data-id=\"qcjviw\"><section class=\"wp-block-gutenverse-section guten-element guten-section guten-qcjviw animated guten-element-hide desktop-fadeInUp layout-boxed align-stretch\"><div class=\"guten-container guten-column-gap-no\">\n<div class=\"wp-block-gutenverse-column guten-element guten-column guten-bYsQ3G\"><div class=\"guten-column-wrapper\" data-id=\"bYsQ3G\"><\/div><\/div>\n<\/div><\/section><\/div>\n\n\n\n<div class=\"section-wrapper\" data-id=\"NY1qOv\"><section class=\"wp-block-gutenverse-section guten-element guten-section guten-NY1qOv animated guten-element-hide slow desktop-fadeInUp layout-boxed align-stretch\"><div class=\"guten-container guten-column-gap-no\"><\/div><\/section><\/div>\n<\/div><\/div>\n<\/div><\/section><\/div>\n\n\n\n<div class=\"section-wrapper\" data-id=\"tZeRCh\"><section class=\"wp-block-gutenverse-section guten-element guten-section guten-tZeRCh layout-boxed align-stretch\"><div class=\"guten-container guten-column-gap-no\">\n<div class=\"wp-block-gutenverse-column guten-element guten-column guten-KbzO3H\"><div class=\"guten-column-wrapper\" data-id=\"KbzO3H\">\n<h6 class=\"wp-block-gutenverse-heading guten-element guten-yt0JFG animated guten-element-hide desktop-fadeInUp\">Professionel R\u00e5dgivning fra Start til Slut<\/h6>\n\n\n\n<div class=\"guten-element gutenverse-text-editor guten-DFONDN animated guten-element-hide desktop-fadeInUp\"><div class=\"text-content-inner\">\n<p>At k\u00f8be bolig er en stor beslutning, og jeg er her for at sikre, at du kan tr\u00e6ffe den med ro i sindet. Fra den f\u00f8rste boligjagt til underskrift af k\u00f8bsaftalen, tager jeg mig af alle de juridiske detaljer, s\u00e5 du ikke beh\u00f8ver at bekymre dig. Fokuser p\u00e5 at finde dit dr\u00f8mmehjem \u2013 jeg s\u00f8rger for, at alt det juridiske er p\u00e5 plads.<\/p>\n<\/div><\/div>\n\n\n\n<div class=\"wp-block-gutenverse-divider guten-element guten-divider guten-IEjLw1 animated guten-element-hide desktop-fadeInUp\"><div class=\"guten-divider-wrapper\"><div class=\"guten-divider-default guten-divider-line guten-divider-regular\"><\/div><\/div><\/div>\n<\/div><\/div>\n<\/div><\/section><\/div>\n\n\n\n<div class=\"section-wrapper\" data-id=\"BfKQtE\"><section class=\"wp-block-gutenverse-section guten-element guten-section guten-BfKQtE layout-boxed align-stretch\"><div class=\"guten-container guten-column-gap-default\">\n<div class=\"wp-block-gutenverse-column guten-element guten-column guten-1s3fH2\"><div class=\"guten-column-wrapper\" data-id=\"1s3fH2\">\n<h2 class=\"wp-block-gutenverse-heading guten-element guten-02gJGq animated guten-element-hide desktop-slideInLeft\"><strong>Juridisk r\u00e5dgivning \u2013 boligk\u00f8b<\/strong><\/h2>\n\n\n\n<h2 class=\"wp-block-gutenverse-heading guten-element guten-5lO5iO animated guten-element-hide desktop-fadeInLeft\">F\u00e5 hj\u00e6lp til disse omr\u00e5der<\/h2>\n\n\n\n<div class=\"guten-element gutenverse-text-editor guten-5yfvb8 animated guten-element-hide desktop-fadeInLeft\"><div class=\"text-content-inner\">\n<p>Jeg tilbyder grundig juridisk r\u00e5dgivning til boligk\u00f8b, fra ejendomsvurdering og dokumentgennemgang til forhandling af vilk\u00e5r og finansieringshj\u00e6lp. Jeg sikrer, at alle juridiske aspekter er korrekt h\u00e5ndteret for en tryg k\u00f8bsoplevelse.<\/p>\n<\/div><\/div>\n<\/div><\/div>\n\n\n\n<div class=\"wp-block-gutenverse-column guten-element guten-column guten-7q8ihL\"><div class=\"guten-column-wrapper\" data-id=\"7q8ihL\">\n<div class=\"guten-element guten-X0sLcm animated guten-element-hide desktop-fadeInUp guten-icon-box icon-position-left\"><div class=\"guten-icon-box-wrapper hover-from-left\"><div class=\"icon-box icon-box-header\"><div class=\"icon style-color\"><i class=\"gtn gtn-contract-light\"><\/i><\/div><\/div><div class=\"icon-box icon-box-body\"><h2 class=\"title\">K\u00f8bsaftale og sk\u00f8de<\/h2><p class=\"icon-box-description\">F\u00e5 ro i maven med grundig r\u00e5dgivning og vejledning i korrekt udarbejdelse af k\u00f8bsaftale og sk\u00f8de. S\u00e5 der er styr p\u00e5 alle juridiske detaljer.<\/p>\n<div class=\"guten-element guten-button-wrapper guten-WdXW12\"><a class=\"guten-button guten-button-md\" href=\"https:\/\/hinnerupjuristen.dk\/?page_id=1565\"><span>L\u00e6s mere<\/span><i class=\"fa-lg gtn gtn-search-1-light\"><\/i><\/a><\/div>\n<\/div><\/div><\/div>\n\n\n\n<div class=\"guten-element guten-ezU5XW animated guten-element-hide desktop-fadeInUp guten-icon-box icon-position-left\"><div class=\"guten-icon-box-wrapper hover-from-left\"><div class=\"icon-box icon-box-header\"><div class=\"icon style-color\"><i class=\"gtn gtn-money-3-light\"><\/i><\/div><\/div><div class=\"icon-box icon-box-body\"><h2 class=\"title\">H\u00e5ndtering af Ejendomsskatter og Gebyrer<\/h2><p class=\"icon-box-description\">Jeg r\u00e5dgiver om ejendomsskatter og andre gebyrer forbundet med k\u00f8bet, og sikrer de \u00f8konomiske forpligtelser er klart forst\u00e5et og korrekt h\u00e5ndteret.<\/p>\n<div class=\"guten-element guten-button-wrapper guten-oLAt7L\"><a class=\"guten-button guten-button-md\" href=\"#\"><span>L\u00e6s mere<\/span><i class=\"fa-lg gtn gtn-search-1-light\"><\/i><\/a><\/div>\n<\/div><\/div><\/div>\n<\/div><\/div>\n\n\n\n<div class=\"wp-block-gutenverse-column guten-element guten-column guten-llj4rG\"><div class=\"guten-column-wrapper\" data-id=\"llj4rG\">\n<div class=\"guten-element guten-m5iJA6 animated guten-element-hide desktop-fadeInUp guten-icon-box icon-position-left\"><div class=\"guten-icon-box-wrapper hover-from-left\"><div class=\"icon-box icon-box-header\"><div class=\"icon style-color\"><i class=\"gtn gtn-building-light\"><\/i><\/div><\/div><div class=\"icon-box icon-box-body\"><h2 class=\"title\">Ejendommens retlige status<\/h2><p class=\"icon-box-description\">Jeg unders\u00f8ger ejendommens retlige status, herunder eventuelle servitutter, tinglyste rettigheder eller g\u00e6ld, der kan p\u00e5virke k\u00f8bet.<\/p>\n<div class=\"guten-element guten-button-wrapper guten-9xlVjR\"><a class=\"guten-button guten-button-md\" href=\"#\"><span>L\u00e6s mere<\/span><i class=\"fa-lg gtn gtn-search-1-light\"><\/i><\/a><\/div>\n<\/div><\/div><\/div>\n\n\n\n<div class=\"guten-element guten-Kux4Pa animated guten-element-hide desktop-fadeInUp guten-icon-box icon-position-left\"><div class=\"guten-icon-box-wrapper hover-from-left\"><div class=\"icon-box icon-box-header\"><div class=\"icon style-color\"><i class=\"gtn gtn-Document-Search-light\"><\/i><\/div><\/div><div class=\"icon-box icon-box-body\"><h2 class=\"title\">Gennemgang af dokumenter fra ejendomshandleren<\/h2><p class=\"icon-box-description\">Jeg gennemg\u00e5r alle relevante dokumenter fra ejendomsm\u00e6gleren for at sikre, at de er korrekt udfyldt, og at de overholder alle g\u00e6ldende lovkrav.<\/p>\n<div class=\"guten-element guten-button-wrapper guten-QinZFB\"><a class=\"guten-button guten-button-md\" href=\"#\"><span>L\u00e6s mere<\/span><i class=\"fa-lg gtn gtn-search-1-light\"><\/i><\/a><\/div>\n<\/div><\/div><\/div>\n<\/div><\/div>\n<\/div><\/section><\/div>\n\n\n\n<div class=\"section-wrapper\" data-id=\"26lp0Y\"><section class=\"wp-block-gutenverse-section guten-element guten-section guten-26lp0Y hide-desktop hide-tablet hide-mobile layout-boxed align-stretch\"><div class=\"guten-container guten-column-gap-no\">\n<div class=\"wp-block-gutenverse-column guten-element guten-column guten-1qUYVc\"><div class=\"guten-column-wrapper\" data-id=\"1qUYVc\">\n<h1 class=\"wp-block-gutenverse-heading guten-element guten-zQVXqm animated guten-element-hide desktop-fadeInUp\">R\u00e5dgivning ved boligk\u00f8b <\/h1>\n\n\n\n<h6 class=\"wp-block-gutenverse-heading guten-element guten-yciuoc animated guten-element-hide desktop-fadeInUp tablet-fadeInUp\">Sikkerhed og tryghed i hele processen<\/h6>\n<\/div><\/div>\n<\/div><\/section><\/div>\n\n\n\n<p><\/p>\n","protected":false},"excerpt":{"rendered":"","protected":false},"author":1,"featured_media":0,"parent":0,"menu_order":0,"comment_status":"closed","ping_status":"closed","template":"","meta":{"footnotes":""},"class_list":["post-134","page","type-page","status-publish","hentry"],"_links":{"self":[{"href":"https:\/\/hinnerupjuristen.dk\/index.php?rest_route=\/wp\/v2\/pages\/134","targetHints":{"allow":["GET"]}}],"collection":[{"href":"https:\/\/hinnerupjuristen.dk\/index.php?rest_route=\/wp\/v2\/pages"}],"about":[{"href":"https:\/\/hinnerupjuristen.dk\/index.php?rest_route=\/wp\/v2\/types\/page"}],"author":[{"embeddable":true,"href":"https:\/\/hinnerupjuristen.dk\/index.php?rest_route=\/wp\/v2\/users\/1"}],"replies":[{"embeddable":true,"href":"https:\/\/hinnerupjuristen.dk\/index.php?rest_route=%2Fwp%2Fv2%2Fcomments&post=134"}],"version-history":[{"count":89,"href":"https:\/\/hinnerupjuristen.dk\/index.php?rest_route=\/wp\/v2\/pages\/134\/revisions"}],"predecessor-version":[{"id":1718,"href":"https:\/\/hinnerupjuristen.dk\/index.php?rest_route=\/wp\/v2\/pages\/134\/revisions\/1718"}],"wp:attachment":[{"href":"https:\/\/hinnerupjuristen.dk\/index.php?rest_route=%2Fwp%2Fv2%2Fmedia&parent=134"}],"curies":[{"name":"wp","href":"https:\/\/api.w.org\/{rel}","templated":true}]}}