{"id":133,"date":"2024-06-26T10:18:14","date_gmt":"2024-06-26T10:18:14","guid":{"rendered":"http:\/\/hinnerupjuristen.dk\/?page_id=133"},"modified":"2024-08-14T07:41:52","modified_gmt":"2024-08-14T07:41:52","slug":"om-hinnerup-juristen","status":"publish","type":"page","link":"https:\/\/hinnerupjuristen.dk\/?page_id=133","title":{"rendered":"Om Hinnerup Juristen"},"content":{"rendered":"\n<div class=\"section-wrapper\" data-id=\"5e9nnt\"><section class=\"wp-block-gutenverse-section guten-element guten-section guten-5e9nnt layout-boxed align-stretch\"><div class=\"guten-container guten-column-gap-no\">\n<div class=\"wp-block-gutenverse-column guten-element guten-column guten-LLkRjW\"><div class=\"guten-column-wrapper\" data-id=\"LLkRjW\">\n<div class=\"wp-block-gutenverse-image guten-element guten-image guten-zzXU48 animated guten-element-hide slow desktop-fadeInLeft\"><div class=\"guten-image-wrapper\"><img decoding=\"async\" class=\"gutenverse-image-box-filled\" src=\"https:\/\/hinnerupjuristen.dk\/wp-content\/uploads\/2024\/06\/Juridisk-raadgiver-i-Favrskov-scaled.jpg\" height=\"1707\" width=\"2560\"\/><\/div><\/div>\n<\/div><\/div>\n\n\n\n<div class=\"wp-block-gutenverse-column guten-element guten-column guten-hm22ZI\"><div class=\"guten-column-wrapper\" data-id=\"hm22ZI\">\n<h2 class=\"wp-block-gutenverse-heading guten-element guten-7otlnJ animated guten-element-hide fast desktop-fadeInRight\"><strong>Bag om Hinnerup Juristen<\/strong><\/h2>\n\n\n\n<h2 class=\"wp-block-gutenverse-heading guten-element guten-2W1hqH\">Din lokale partner for personlig og professionel juridisk r\u00e5dgivning.<\/h2>\n\n\n\n<div class=\"guten-element gutenverse-text-editor guten-wb6sWe\"><div class=\"text-content-inner\">\n<p>Jeg hedder Janni, og jeg grundlagde Hinnerup Juristen med et klart form\u00e5l: at g\u00f8re juraen tilg\u00e6ngelig og forst\u00e5elig for alle. Med over 8 \u00e5rs erfaring som jurist har jeg dedikeret min karriere til at hj\u00e6lpe b\u00e5de private og virksomheder med at navigere i det juridiske landskab med tryghed og selvsikkerhed.<\/p>\n<\/div><\/div>\n\n\n\n<div class=\"section-wrapper\" data-id=\"izGD1I\"><section class=\"wp-block-gutenverse-section guten-element guten-section guten-izGD1I layout-boxed align-stretch\"><div class=\"guten-container guten-column-gap-no\">\n<div class=\"wp-block-gutenverse-column guten-element guten-column guten-cae7WS\"><div class=\"guten-column-wrapper\" data-id=\"cae7WS\">\n<div class=\"guten-element guten-Yozt5j guten-icon-box icon-position-top\"><div class=\"guten-icon-box-wrapper hover-from-left\"><div class=\"icon-box icon-box-header\"><div class=\"icon style-color\"><i class=\"fas fa-leaf\"><\/i><\/div><\/div><div class=\"icon-box icon-box-body\"><h3 class=\"title\">V\u00e6rdier<\/h3><p class=\"icon-box-description\">Jeg s\u00e6tter \u00e6rlighed, n\u00e6rv\u00e6r og klientfokus i h\u00f8js\u00e6det. N\u00f8jagtighed er afg\u00f8rende i min tilgang som jurist.<\/p><\/div><\/div><\/div>\n<\/div><\/div>\n\n\n\n<div class=\"wp-block-gutenverse-column guten-element guten-column guten-vxeXGf\"><div class=\"guten-column-wrapper\" data-id=\"vxeXGf\">\n<div class=\"guten-element guten-oP42hc guten-icon-box icon-position-top\"><div class=\"guten-icon-box-wrapper hover-from-left\"><div class=\"icon-box icon-box-header\"><div class=\"icon style-color\"><i class=\"fas fa-hand-sparkles\"><\/i><\/div><\/div><div class=\"icon-box icon-box-body\"><h3 class=\"title\">S\u00e6rlige kendetegn<\/h3><p class=\"icon-box-description\">Personlig service med et menneskeligt ansigt og kombinerer faglig dygtighed med empati for klientens behov.<\/p><\/div><\/div><\/div>\n<\/div><\/div>\n<\/div><\/section><\/div>\n<\/div><\/div>\n<\/div><\/section><\/div>\n\n\n\n<div class=\"section-wrapper\" data-id=\"ofCRmD\"><section class=\"wp-block-gutenverse-section guten-element guten-section guten-ofCRmD layout-boxed align-stretch\"><div class=\"guten-background-overlay\"><\/div><div class=\"guten-container guten-column-gap-no\">\n<div class=\"wp-block-gutenverse-column guten-element guten-column guten-svz3tZ\"><div class=\"guten-column-wrapper\" data-id=\"svz3tZ\">\n<div class=\"guten-element guten-0GjeK6 animated guten-element-hide desktop-fadeInLeft guten-fun-fact align-center hover-from-left\"><div class=\"fun-fact-inner\"><div class=\"icon\"><i class=\"gtn gtn-handshake-light\"><\/i><\/div><div class=\"content\"><div class=\"number-wrapper\"><span class=\"prefix\"><\/span><span class=\"number loaded\" data-number=\"75\" data-duration=\"3500\"><\/span><span class=\"suffix\">+<\/span><\/div><span class=\"title\">Gennemf\u00f8rte projekter<\/span><\/div><\/div><\/div>\n\n\n\n<div class=\"guten-element guten-RBBBCR animated guten-element-hide desktop-fadeInLeft guten-fun-fact align-center hover-from-left\"><div class=\"fun-fact-inner\"><div class=\"icon\"><i class=\"gtn gtn-User-light\"><\/i><\/div><div class=\"content\"><div class=\"number-wrapper\"><span class=\"prefix\"><\/span><span class=\"number loaded\" data-number=\"40\" data-duration=\"3500\"><\/span><span class=\"suffix\">+<\/span><\/div><span class=\"title\">Bekymringsfrie kunder<\/span><\/div><\/div><\/div>\n<\/div><\/div>\n\n\n\n<div class=\"wp-block-gutenverse-column guten-element guten-column guten-R7iBJo\"><div class=\"guten-column-wrapper\" data-id=\"R7iBJo\">\n<div class=\"wp-block-gutenverse-image guten-element guten-image guten-UQahVb\"><div class=\"guten-image-wrapper\"><img decoding=\"async\" class=\"gutenverse-image-box-filled\" src=\"https:\/\/hinnerupjuristen.dk\/wp-content\/uploads\/2024\/07\/Bag-om-2.png\" height=\"2160\" width=\"1215\"\/><\/div><\/div>\n<\/div><\/div>\n\n\n\n<div class=\"wp-block-gutenverse-column guten-element guten-column guten-cdBiqt\"><div class=\"guten-column-wrapper\" data-id=\"cdBiqt\">\n<div class=\"guten-element guten-GAcjkb animated guten-element-hide desktop-fadeInLeft guten-fun-fact align-center hover-from-left\"><div class=\"fun-fact-inner\"><div class=\"icon\"><i class=\"gtn gtn-key-light\"><\/i><\/div><div class=\"content\"><div class=\"number-wrapper\"><span class=\"prefix\"><\/span><span class=\"number loaded\" data-number=\"25\" data-duration=\"3500\"><\/span><span class=\"suffix\">+<\/span><\/div><span class=\"title\">Fuldf\u00f8rte bolighandler<\/span><\/div><\/div><\/div>\n\n\n\n<div class=\"guten-element guten-CAeDTv animated guten-element-hide desktop-fadeInRight guten-fun-fact align-center hover-from-left\"><div class=\"fun-fact-inner\"><div class=\"icon\"><i class=\"gtn gtn-graduation-hat-light\"><\/i><\/div><div class=\"content\"><div class=\"number-wrapper\"><span class=\"prefix\"><\/span><span class=\"number loaded\" data-number=\"8 \u00e5r\" data-duration=\"3500\"><\/span><span class=\"suffix\"><\/span><\/div><span class=\"title\">i juridisk topform<\/span><\/div><\/div><\/div>\n<\/div><\/div>\n<\/div><\/section><\/div>\n\n\n\n<div class=\"section-wrapper\" data-id=\"xVaQoO\"><section class=\"wp-block-gutenverse-section guten-element guten-section guten-xVaQoO layout-boxed align-stretch\"><div class=\"guten-container guten-column-gap-no\">\n<div class=\"wp-block-gutenverse-column guten-element guten-column guten-heddE7\"><div class=\"guten-column-wrapper\" data-id=\"heddE7\">\n<h2 class=\"wp-block-gutenverse-heading guten-element guten-hlFHJp animated guten-element-hide fast desktop-fadeInRight\"><strong>Hvem er jeg ?<\/strong><\/h2>\n\n\n\n<h2 class=\"wp-block-gutenverse-heading guten-element guten-OvvAWO\">Pr\u00e6sentation af juristen<\/h2>\n\n\n\n<div class=\"guten-element gutenverse-text-editor guten-FD2tsP\"><div class=\"text-content-inner\">\n<p>Med en juridisk uddannelse fra [Dit Universitet] og over X \u00e5rs erfaring inden for boligret og erhvervsjura, br\u00e6nder jeg for at hj\u00e6lpe mine klienter med at navigere sikkert gennem deres juridiske udfordringer. Jeg har altid haft en passion for retf\u00e6rdighed og detaljer, hvilket har f\u00f8rt mig til at specialisere mig i netop disse omr\u00e5der.<\/p>\n\n\n\n<div class=\"guten-element guten-spacer guten-gqqDEe\"><\/div>\n\n\n\n<h4 class=\"wp-block-heading has-text-color has-link-color has-merriweather-font-family has-normal-font-size wp-elements-4d224fe06007ae20ca8a9c9285d42a77\" style=\"color:#19182f;font-style:normal;font-weight:500;letter-spacing:1px\"><strong>Fokus p\u00e5 professionalisme, personlig tilgang og engagement<\/strong><\/h4>\n\n\n\n<p>Hos Hinnerup Juristen tror jeg p\u00e5 at kombinere h\u00f8j faglighed med en personlig tilgang. Jeg str\u00e6ber efter at skabe et trygt og tillidsfuldt forhold til mine klienter, hvor deres behov og \u00f8nsker altid er i centrum. Mit engagement i hver sag betyder, at jeg altid g\u00e5r den ekstra mil for at sikre, at mine klienter f\u00e5r den bedst mulige r\u00e5dgivning og service.<\/p>\n\n\n\n<div class=\"guten-element guten-spacer guten-q35PT3\"><\/div>\n\n\n\n<h4 class=\"wp-block-heading is-style-default has-text-color has-link-color has-merriweather-font-family has-normal-font-size wp-elements-fc05eb8f4f8b091baecff6b65dde946b\" style=\"color:#19182f;font-style:normal;font-weight:500;letter-spacing:1px\"><strong>Historien bag opstarten af Hinnerup Juristen<\/strong><\/h4>\n\n\n\n<p>Hinnerup Juristen blev grundlagt i [\u00c5r] med en vision om at levere tilg\u00e6ngelig og forst\u00e5elig juridisk r\u00e5dgivning til b\u00e5de private og virksomheder. Efter flere \u00e5r i st\u00f8rre advokatfirmaer inds\u00e5 jeg, at der var et behov for en mere personlig og n\u00e6rv\u00e6rende tilgang til juridisk r\u00e5dgivning. Derfor valgte jeg at starte min egen praksis, hvor jeg kan give mine klienter den tid og opm\u00e6rksomhed, de fortjener.<\/p>\n<\/div><\/div>\n\n\n\n<div class=\"section-wrapper\" data-id=\"wmNDYX\"><section class=\"wp-block-gutenverse-section guten-element guten-section guten-wmNDYX layout-boxed align-stretch\"><div class=\"guten-container guten-column-gap-no\">\n<div class=\"wp-block-gutenverse-column guten-element guten-column guten-y8N9oX\"><div class=\"guten-column-wrapper\" data-id=\"y8N9oX\"><\/div><\/div>\n<\/div><\/section><\/div>\n<\/div><\/div>\n\n\n\n<div class=\"wp-block-gutenverse-column guten-element guten-column guten-MEtmhl\"><div class=\"guten-column-wrapper\" data-id=\"MEtmhl\">\n<div class=\"wp-block-gutenverse-image guten-element guten-image guten-pbgHSs animated guten-element-hide slow desktop-fadeInLeft\"><div class=\"guten-image-wrapper\"><img decoding=\"async\" class=\"gutenverse-image-box-filled\" src=\"https:\/\/hinnerupjuristen.dk\/wp-content\/uploads\/2024\/07\/Hvem-er-Hinnerup-Juristen-1-scaled-e1720601420587.jpg\" height=\"1412\" width=\"1501\"\/><\/div><\/div>\n<\/div><\/div>\n<\/div><\/section><\/div>\n\n\n\n<div class=\"section-wrapper\" data-id=\"dbhktv\"><section class=\"wp-block-gutenverse-section guten-element guten-section guten-dbhktv layout-boxed align-stretch\"><div class=\"guten-background-overlay\"><\/div><div class=\"guten-container guten-column-gap-default\">\n<div class=\"wp-block-gutenverse-column guten-element guten-column guten-PmosRe\"><div class=\"guten-column-wrapper\" data-id=\"PmosRe\">\n<h2 class=\"wp-block-gutenverse-heading guten-element guten-RmkPwP\">Lad os tale om dine behov!<\/h2>\n\n\n\n<div class=\"guten-element gutenverse-text-editor guten-3nbJmj\"><div class=\"text-content-inner\">\n<p>Jeg st\u00e5r klar til at hj\u00e6lpe dig med dine juridiske udfordringer. Kontakt mig i dag, s\u00e5 vi sammen kan finde den bedste l\u00f8sning til dig.<\/p>\n<\/div><\/div>\n<\/div><\/div>\n\n\n\n<div class=\"wp-block-gutenverse-column guten-element guten-column guten-EemkVQ animated guten-element-hide slow desktop-fadeInRight\"><div class=\"guten-column-wrapper\" data-id=\"EemkVQ\">\n<div class=\"guten-element guten-button-wrapper guten-a6LBcz\"><a class=\"guten-button guten-button-sm\" href=\"https:\/\/hinnerupjuristen.dk\/?page_id=12\"><span>Kontakt mig her<\/span><\/a><\/div>\n<\/div><\/div>\n<\/div><\/section><\/div>\n\n\n\n<p><\/p>\n","protected":false},"excerpt":{"rendered":"","protected":false},"author":1,"featured_media":0,"parent":0,"menu_order":0,"comment_status":"closed","ping_status":"closed","template":"","meta":{"footnotes":""},"class_list":["post-133","page","type-page","status-publish","hentry"],"_links":{"self":[{"href":"https:\/\/hinnerupjuristen.dk\/index.php?rest_route=\/wp\/v2\/pages\/133","targetHints":{"allow":["GET"]}}],"collection":[{"href":"https:\/\/hinnerupjuristen.dk\/index.php?rest_route=\/wp\/v2\/pages"}],"about":[{"href":"https:\/\/hinnerupjuristen.dk\/index.php?rest_route=\/wp\/v2\/types\/page"}],"author":[{"embeddable":true,"href":"https:\/\/hinnerupjuristen.dk\/index.php?rest_route=\/wp\/v2\/users\/1"}],"replies":[{"embeddable":true,"href":"https:\/\/hinnerupjuristen.dk\/index.php?rest_route=%2Fwp%2Fv2%2Fcomments&post=133"}],"version-history":[{"count":194,"href":"https:\/\/hinnerupjuristen.dk\/index.php?rest_route=\/wp\/v2\/pages\/133\/revisions"}],"predecessor-version":[{"id":1301,"href":"https:\/\/hinnerupjuristen.dk\/index.php?rest_route=\/wp\/v2\/pages\/133\/revisions\/1301"}],"wp:attachment":[{"href":"https:\/\/hinnerupjuristen.dk\/index.php?rest_route=%2Fwp%2Fv2%2Fmedia&parent=133"}],"curies":[{"name":"wp","href":"https:\/\/api.w.org\/{rel}","templated":true}]}}