{"id":132,"date":"2024-06-26T10:18:25","date_gmt":"2024-06-26T10:18:25","guid":{"rendered":"http:\/\/hinnerupjuristen.dk\/?page_id=132"},"modified":"2024-08-14T08:47:31","modified_gmt":"2024-08-14T08:47:31","slug":"ydelser","status":"publish","type":"page","link":"https:\/\/hinnerupjuristen.dk\/?page_id=132","title":{"rendered":"Ydelser"},"content":{"rendered":"\n<div class=\"section-wrapper\" data-id=\"LiIccz\"><section class=\"wp-block-gutenverse-section guten-element guten-section guten-LiIccz layout-boxed align-stretch\"><div class=\"guten-background-overlay\"><\/div><div class=\"guten-container guten-column-gap-no\">\n<div class=\"wp-block-gutenverse-column guten-element guten-column guten-Ialf0C\"><div class=\"guten-column-wrapper\" data-id=\"Ialf0C\">\n<h2 class=\"wp-block-gutenverse-heading guten-element guten-Ke9iES animated guten-element-hide slow desktop-fadeInUp\">Juridisk R\u00e5dgivning<\/h2>\n\n\n\n<h2 class=\"wp-block-gutenverse-heading guten-element guten-4A07LX\">Til private og virksomheder<\/h2>\n\n\n\n<div class=\"guten-element gutenverse-text-editor guten-5OxMWD\"><div class=\"text-content-inner\">\n<p>I f\u00e5r kompetent vejledning inden for boligk\u00f8b, samejeoverenskomst, testamente, \u00e6gtepagt, fremtidsfuldmagt, compliance, kontraktudarbejdelse, virksomhedsoprettelse, HR-jura og konfliktl\u00f8sning. Vi sikrer, at du navigerer trygt igennem alle juridiske udfordringer.<\/p>\n<\/div><\/div>\n\n\n\n<div class=\"section-wrapper\" data-id=\"eRbm4I\"><section class=\"wp-block-gutenverse-section guten-element guten-section guten-eRbm4I animated guten-element-hide slow desktop-fadeInUp layout-boxed align-stretch\"><div class=\"guten-container guten-column-gap-no\">\n<div class=\"wp-block-gutenverse-column guten-element guten-column guten-qEe47H\"><div class=\"guten-column-wrapper\" data-id=\"qEe47H\">\n<div class=\"guten-LTfvmA guten-image-box guten-element style-default\"><div class=\"inner-container\"><div class=\"image-box-header\"><a href=\"https:\/\/hinnerupjuristen.dk\/?page_id=134\"><img decoding=\"async\" class=\"gutenverse-image-box-filled\" src=\"https:\/\/hinnerupjuristen.dk\/wp-content\/uploads\/2024\/06\/Raadgivning-ved-boligkoeb-1.png\" height=\"785\" width=\"1500\"\/><\/a><\/div><div class=\"image-box-body\"><div class=\"body-inner\"><h3 class=\"body-title icon-position-before\"><i><\/i><span>R\u00e5dgivning ved <br><strong>BOLIGK\u00d8B<\/strong><\/span><\/h3><p class=\"body-description\"><strong>Overvejer I at k\u00f8be bolig?<\/strong>\u00a0Jeg tilbyder kompetent r\u00e5dgivning, s\u00e5 I kommer sikkert og trygt igennem hele k\u00f8bsprocessen.<\/p>\n<div class=\"guten-element guten-button-wrapper guten-bNqxKf\"><a class=\"guten-button guten-button-sm\" href=\"https:\/\/hinnerupjuristen.dk\/?page_id=134\"><span>Bliv klogere<\/span><\/a><\/div>\n<\/div><\/div><\/div><\/div>\n<\/div><\/div>\n\n\n\n<div class=\"wp-block-gutenverse-column guten-element guten-column guten-MI7KGM\"><div class=\"guten-column-wrapper\" data-id=\"MI7KGM\">\n<div class=\"guten-XSD1GS guten-image-box guten-element style-default\"><div class=\"inner-container\"><div class=\"image-box-header\"><a href=\"https:\/\/hinnerupjuristen.dk\/?page_id=135\"><img decoding=\"async\" class=\"gutenverse-image-box-filled\" src=\"https:\/\/hinnerupjuristen.dk\/wp-content\/uploads\/2024\/06\/Juridisk-raadgivning-til-private.png\" height=\"942\" width=\"1800\"\/><\/a><\/div><div class=\"image-box-body\"><div class=\"body-inner\"><h3 class=\"body-title icon-position-before\"><i><\/i><span>Juridisk r\u00e5dgivning til <br><strong>PRIVATE<\/strong><\/span><\/h3><p class=\"body-description\"><strong>Har du brug for juridisk hj\u00e6lp?<\/strong>\u00a0Jeg tilbyder tryg og professionel r\u00e5dgivning ved boligk\u00f8b, testamente, \u00e6gtepagt og mere.<\/p>\n<div class=\"guten-element guten-button-wrapper guten-uTHHco\"><a class=\"guten-button guten-button-sm\" href=\"https:\/\/hinnerupjuristen.dk\/?page_id=135\"><span>Bliv klogere<\/span><\/a><\/div>\n<\/div><\/div><\/div><\/div>\n<\/div><\/div>\n\n\n\n<div class=\"wp-block-gutenverse-column guten-element guten-column guten-ymuBsQ\"><div class=\"guten-column-wrapper\" data-id=\"ymuBsQ\">\n<div class=\"guten-joGE5y guten-image-box guten-element style-default\"><div class=\"inner-container\"><div class=\"image-box-header\"><a href=\"https:\/\/hinnerupjuristen.dk\/?page_id=136\"><img decoding=\"async\" class=\"gutenverse-image-box-filled\" src=\"https:\/\/hinnerupjuristen.dk\/wp-content\/uploads\/2024\/06\/Juridisk-raadgivning-til-virksomheder.png\" height=\"942\" width=\"1800\"\/><\/a><\/div><div class=\"image-box-body\"><div class=\"body-inner\"><h3 class=\"body-title icon-position-before\"><i><\/i><span>Juridisk r\u00e5dgivning til <br><strong>VIRKSOMHEDER<\/strong><\/span><\/h3><p class=\"body-description\"><strong>Har din virksomhed brug for juridisk hj\u00e6lp?<\/strong>\u00a0Jeg leverer sikker r\u00e5dgivning til juridiske udfordringer i erhvervslivet.<\/p>\n<div class=\"guten-element guten-button-wrapper guten-yuuoFr\"><a class=\"guten-button guten-button-sm\" href=\"https:\/\/hinnerupjuristen.dk\/?page_id=136\"><span>Bliv klogere<\/span><\/a><\/div>\n<\/div><\/div><\/div><\/div>\n<\/div><\/div>\n<\/div><\/section><\/div>\n<\/div><\/div>\n<\/div><\/section><\/div>\n\n\n\n<div class=\"section-wrapper\" data-id=\"McDpTa\"><section class=\"wp-block-gutenverse-section guten-element guten-section guten-McDpTa layout-boxed align-stretch\"><div class=\"guten-background-overlay\"><\/div><div class=\"guten-container guten-column-gap-default\">\n<div class=\"wp-block-gutenverse-column guten-element guten-column guten-5VSHBt\"><div class=\"guten-column-wrapper\" data-id=\"5VSHBt\">\n<h2 class=\"wp-block-gutenverse-heading guten-element guten-B6dVQO animated guten-element-hide slow desktop-fadeInUp\">Klar til at f\u00e5 styr p\u00e5 juraen? Lad os tage snakken!<\/h2>\n\n\n\n<div class=\"guten-element gutenverse-text-editor guten-edT38p\"><div class=\"text-content-inner\">\n<p><strong>Er du klar til at f\u00e5 professionel juridisk r\u00e5dgivning?<\/strong>&nbsp;Kontakt mig i dag for en uforpligtende samtale. Jeg st\u00e5r klar til at guide dig trygt igennem dine juridiske udfordringer, uanset om du er privatperson eller virksomhed. Sammen finder vi den bedste l\u00f8sning.<\/p>\n<\/div><\/div>\n\n\n\n<div class=\"guten-element guten-button-wrapper guten-EWvgOv\"><a class=\"guten-button animated guten-element-hide slow desktop-fadeInUp guten-button-sm\" href=\"mailto:jkk@hinnerupjuristen.dk\" target=\"_blank\" rel=\"noreferrer noopener\"><span>Send mig en email<\/span><\/a><\/div>\n<\/div><\/div>\n<\/div><\/section><\/div>\n","protected":false},"excerpt":{"rendered":"","protected":false},"author":1,"featured_media":0,"parent":0,"menu_order":0,"comment_status":"closed","ping_status":"closed","template":"","meta":{"footnotes":""},"class_list":["post-132","page","type-page","status-publish","hentry"],"_links":{"self":[{"href":"https:\/\/hinnerupjuristen.dk\/index.php?rest_route=\/wp\/v2\/pages\/132","targetHints":{"allow":["GET"]}}],"collection":[{"href":"https:\/\/hinnerupjuristen.dk\/index.php?rest_route=\/wp\/v2\/pages"}],"about":[{"href":"https:\/\/hinnerupjuristen.dk\/index.php?rest_route=\/wp\/v2\/types\/page"}],"author":[{"embeddable":true,"href":"https:\/\/hinnerupjuristen.dk\/index.php?rest_route=\/wp\/v2\/users\/1"}],"replies":[{"embeddable":true,"href":"https:\/\/hinnerupjuristen.dk\/index.php?rest_route=%2Fwp%2Fv2%2Fcomments&post=132"}],"version-history":[{"count":86,"href":"https:\/\/hinnerupjuristen.dk\/index.php?rest_route=\/wp\/v2\/pages\/132\/revisions"}],"predecessor-version":[{"id":1331,"href":"https:\/\/hinnerupjuristen.dk\/index.php?rest_route=\/wp\/v2\/pages\/132\/revisions\/1331"}],"wp:attachment":[{"href":"https:\/\/hinnerupjuristen.dk\/index.php?rest_route=%2Fwp%2Fv2%2Fmedia&parent=132"}],"curies":[{"name":"wp","href":"https:\/\/api.w.org\/{rel}","templated":true}]}}