{"id":12,"date":"2023-09-25T13:05:05","date_gmt":"2023-09-25T13:05:05","guid":{"rendered":"http:\/\/hinnerupjuristen.dk\/?page_id=12"},"modified":"2024-09-18T11:34:41","modified_gmt":"2024-09-18T11:34:41","slug":"kontakt","status":"publish","type":"page","link":"https:\/\/hinnerupjuristen.dk\/?page_id=12","title":{"rendered":"Kontakt"},"content":{"rendered":"\n<div class=\"section-wrapper\" data-id=\"5e9nnt\"><section class=\"wp-block-gutenverse-section guten-element guten-section guten-5e9nnt layout-boxed align-stretch\"><div class=\"guten-container guten-column-gap-no\">\n<div class=\"wp-block-gutenverse-column guten-element guten-column guten-LLkRjW\"><div class=\"guten-column-wrapper\" data-id=\"LLkRjW\">\n<div class=\"wp-block-gutenverse-image guten-element guten-image guten-zzXU48 animated guten-element-hide slow desktop-fadeInLeft\"><a class=\"guten-image-wrapper\" href=\"mailto:jkk@hinnerupjuristen.dk\"><img decoding=\"async\" class=\"gutenverse-image-box-filled\" src=\"https:\/\/hinnerupjuristen.dk\/wp-content\/uploads\/2024\/07\/Minimalist-Website-Launch-Computer-Mockup-Instagram-Post-3.png\" height=\"1485\" width=\"1485\"\/><\/a><\/div>\n<\/div><\/div>\n\n\n\n<div class=\"wp-block-gutenverse-column guten-element guten-column guten-uhlxNg\"><div class=\"guten-column-wrapper\" data-id=\"uhlxNg\">\n<h2 class=\"wp-block-gutenverse-heading guten-element guten-5tSd30 animated guten-element-hide slow desktop-fadeInLeft\">Brug for hj\u00e6lp?<\/h2>\n\n\n\n<h2 class=\"wp-block-gutenverse-heading guten-element guten-rt54BB animated guten-element-hide slow desktop-fadeInLeft\">Kontakt mig her<\/h2>\n\n\n\n<h2 class=\"wp-block-gutenverse-heading guten-element guten-immt5n animated guten-element-hide slow desktop-fadeInRight\"><\/h2>\n\n\n\n<div class=\"guten-element gutenverse-text-editor guten-uoc6JP\"><div class=\"text-content-inner\">\n<p><strong>Jeg st\u00e5r klar til at hj\u00e6lpe dig med dine juridiske sp\u00f8rgsm\u00e5l.<\/strong>&nbsp;Ring eller send en e-mail, s\u00e5 vender jeg tilbage inden for 48 timer. Jeg v\u00e6gter h\u00f8jt at yde professionel og tryg vejledning, uanset om du har brug for r\u00e5dgivning som privatperson eller virksomhed. Lad os finde den bedste l\u00f8sning sammen!<\/p>\n<\/div><\/div>\n\n\n\n<div class=\"section-wrapper\" data-id=\"TD0hsU\"><section class=\"wp-block-gutenverse-section guten-element guten-section guten-TD0hsU layout-boxed align-stretch\"><div class=\"guten-container guten-column-gap-no\">\n<div class=\"wp-block-gutenverse-column guten-element guten-column guten-zXNJow\"><div class=\"guten-column-wrapper\" data-id=\"zXNJow\">\n<div class=\"guten-element guten-JPrK1Z guten-icon-box icon-position-left\"><a class=\"\" href=\"https:\/\/www.google.com\/maps\/place\/Hinnerup+Advokaten\/@56.2476189,10.0738579,17z\/data=!3m1!4b1!4m6!3m5!1s0x464c1540a9caa0dd:0x7ab1f1f7a13c1933!8m2!3d56.2476189!4d10.0764328!16s%2Fg%2F11sp58_l5t?entry=ttu&amp;g_ep=EgoyMDI0MDkxNS4wIKXMDSoASAFQAw%3D%3D\" target=\"_blank\" rel=\"noreferrer noopener\"><div class=\"guten-icon-box-wrapper hover-from-left\"><div class=\"icon-box icon-box-header\"><div class=\"icon style-color\"><i class=\"fas fa-map-marked-alt\"><\/i><\/div><\/div><div class=\"icon-box icon-box-body\"><h3 class=\"title\"><strong>Adresse<\/strong><\/h3><p class=\"icon-box-description\"><a href=\"https:\/\/www.google.com\/maps\/place\/Hinnerup+Advokaten\/@56.2476189,10.0738579,17z\/data=!3m1!4b1!4m6!3m5!1s0x464c1540a9caa0dd:0x7ab1f1f7a13c1933!8m2!3d56.2476189!4d10.0764328!16s%2Fg%2F11sp58_l5t?entry=ttu&amp;g_ep=EgoyMDI0MDkxNS4wIKXMDSoASAFQAw%3D%3D\" target=\"_blank\" rel=\"noreferrer noopener\"><mark style=\"background-color:rgba(0, 0, 0, 0);color:#19182f\" class=\"has-inline-color\">Sams\u00f8vej 31, <br>8382 Hinnerup<\/mark><\/a><\/p><\/div><\/div><\/a><\/div>\n<\/div><\/div>\n\n\n\n<div class=\"wp-block-gutenverse-column guten-element guten-column guten-fn7zW2\"><div class=\"guten-column-wrapper\" data-id=\"fn7zW2\">\n<div class=\"guten-element guten-2AXGbC guten-icon-box icon-position-left\"><div class=\"guten-icon-box-wrapper hover-from-left\"><div class=\"icon-box icon-box-header\"><div class=\"icon style-color\"><i class=\"fas fa-user-clock\"><\/i><\/div><\/div><div class=\"icon-box icon-box-body\"><h3 class=\"title\"><strong>\u00c5bningstider<\/strong><\/h3><p class=\"icon-box-description\">Hverdage  8:00 &#8211; 16:00<\/p><\/div><\/div><\/div>\n<\/div><\/div>\n<\/div><\/section><\/div>\n\n\n\n<div class=\"section-wrapper\" data-id=\"EcYmi2\"><section class=\"wp-block-gutenverse-section guten-element guten-section guten-EcYmi2 layout-boxed align-stretch\"><div class=\"guten-container guten-column-gap-no\">\n<div class=\"wp-block-gutenverse-column guten-element guten-column guten-K1cgi9\"><div class=\"guten-column-wrapper\" data-id=\"K1cgi9\">\n<div class=\"guten-element guten-UEkXC0 guten-icon-box icon-position-left\"><a class=\"\" href=\"tel: 22145452\"><div class=\"guten-icon-box-wrapper hover-from-left\"><div class=\"icon-box icon-box-header\"><div class=\"icon style-color\"><i class=\"fas fa-phone-alt\"><\/i><\/div><\/div><div class=\"icon-box icon-box-body\"><h3 class=\"title\"><strong>Telefon<\/strong><\/h3><p class=\"icon-box-description\"><a href=\"tel:22145452\" target=\"_blank\" rel=\"noreferrer noopener\"><mark style=\"background-color:rgba(0, 0, 0, 0);color:#19182f\" class=\"has-inline-color\">+45  2214 5452<\/mark><\/a><\/p><\/div><\/div><\/a><\/div>\n<\/div><\/div>\n\n\n\n<div class=\"wp-block-gutenverse-column guten-element guten-column guten-mApApg\"><div class=\"guten-column-wrapper\" data-id=\"mApApg\">\n<div class=\"guten-element guten-PpgPQu guten-icon-box icon-position-left\"><a class=\"\" href=\"mailto:jkk@hinnerupjuristen.dk\" target=\"_blank\" rel=\"noreferrer noopener\"><div class=\"guten-icon-box-wrapper hover-from-left\"><div class=\"icon-box icon-box-header\"><div class=\"icon style-color\"><i class=\"fas fa-envelope-open\"><\/i><\/div><\/div><div class=\"icon-box icon-box-body\"><h3 class=\"title\"><strong>Email<\/strong><\/h3><p class=\"icon-box-description\"><a href=\"mailto:jkk@hinnerupjuristen.dk\"><mark style=\"background-color:rgba(0, 0, 0, 0);color:#19182f\" class=\"has-inline-color\">jkk@hinnerupjuristen.dk<\/mark><\/a><\/p><\/div><\/div><\/a><\/div>\n<\/div><\/div>\n<\/div><\/section><\/div>\n<\/div><\/div>\n<\/div><\/section><\/div>\n","protected":false},"excerpt":{"rendered":"","protected":false},"author":1,"featured_media":0,"parent":0,"menu_order":0,"comment_status":"closed","ping_status":"closed","template":"","meta":{"footnotes":""},"class_list":["post-12","page","type-page","status-publish","hentry"],"_links":{"self":[{"href":"https:\/\/hinnerupjuristen.dk\/index.php?rest_route=\/wp\/v2\/pages\/12","targetHints":{"allow":["GET"]}}],"collection":[{"href":"https:\/\/hinnerupjuristen.dk\/index.php?rest_route=\/wp\/v2\/pages"}],"about":[{"href":"https:\/\/hinnerupjuristen.dk\/index.php?rest_route=\/wp\/v2\/types\/page"}],"author":[{"embeddable":true,"href":"https:\/\/hinnerupjuristen.dk\/index.php?rest_route=\/wp\/v2\/users\/1"}],"replies":[{"embeddable":true,"href":"https:\/\/hinnerupjuristen.dk\/index.php?rest_route=%2Fwp%2Fv2%2Fcomments&post=12"}],"version-history":[{"count":225,"href":"https:\/\/hinnerupjuristen.dk\/index.php?rest_route=\/wp\/v2\/pages\/12\/revisions"}],"predecessor-version":[{"id":1547,"href":"https:\/\/hinnerupjuristen.dk\/index.php?rest_route=\/wp\/v2\/pages\/12\/revisions\/1547"}],"wp:attachment":[{"href":"https:\/\/hinnerupjuristen.dk\/index.php?rest_route=%2Fwp%2Fv2%2Fmedia&parent=12"}],"curies":[{"name":"wp","href":"https:\/\/api.w.org\/{rel}","templated":true}]}}